{"id":666,"date":"2023-10-06T15:05:48","date_gmt":"2023-10-06T13:05:48","guid":{"rendered":"https:\/\/bbmri.at\/?page_id=666"},"modified":"2024-05-05T14:16:59","modified_gmt":"2024-05-05T12:16:59","slug":"fuer-buerger","status":"publish","type":"page","link":"https:\/\/bbmri.at\/de\/fuer-buerger\/","title":{"rendered":"F\u00fcr B\u00fcrger*innen"},"content":{"rendered":"    <div id=\"main_textblock_3e8391f08a99441ae014719e2b240aae\" class=\"content-row content-row-main_text\">\n        <div class=\"contentPart-main contentPart-main-main_text trans \">\n            <div class=\"contentPart_inner\">\n                \n                                    <h1 class=\"heading_main_txt HL_main\">\n                        Was ist eine Biobank?                    <\/h1>\n                \n                                    <h3 class=\"subheading_main_txt HL_sub\">\n                        Eine Biobank ist eine organisierte Sammlung biologischer Proben und zugeh\u00f6riger Gesundheitsinformationen, die zu Forschungszwecken gespeichert werden.                    <\/h3>\n                \n                                    <div class=\"text_main_text text1624 main_text_margin\">\n                        <p>Typische biologische Proben, die aufbewahrt werden, sind Gewebe, K\u00f6rperfl\u00fcssigkeiten (wie Blut, Serum, Plasma, Urin oder Fl\u00fcssigkeiten aus Punktionen), Zellen und daraus isolierte biolmolekulare Ressourcen (wie z.B. RNA, DNA oder Proteine). In der Regel sind diese Proben mit klinischen Daten (z.B. Blutdruck oder Lungenvolumen) und Informationen \u00fcber den pers\u00f6nlichen Lebensstil (z.B. Sportaktivit\u00e4ten, Ern\u00e4hrungsgewohnheiten oder Rauchverhalten) verbunden.<\/p>\n<p>&nbsp;<\/p>\n<p>&nbsp;<\/p>\n<p>Der Zweck von Biobanken besteht darin, Forscher*innen Zugang zu Proben und Daten zu verschaffen, um die medizinische Forschung und die Entwicklung neuer Diagnostika, Biomarker und pharmazeutischer Behandlungen zu unterst\u00fctzen. Insbesondere im Zeitalter der personalisierten Medizin sind diese biologischen Ressourcen f\u00fcr medizinische Innovationen unerl\u00e4sslich.<\/p>\n<p>&nbsp;<\/p>\n<p>&nbsp;<\/p>\n<p>Biobank-Sammlungen k\u00f6nnen bestimmten Patientengruppen (z. B. mit einer bestimmten Krebsdiagnose) oder ganzen Bev\u00f6lkerungsgruppen gewidmet sein.<\/p>\n                    <\/div>\n                \n                            <\/div>\n\n\n\n            <div class=\"contentPart-sidebarDummy\"><\/div>\n        <\/div>\n\n    <\/div>\n\n\n    <div id=\"single_headingblock_f9a38d7334159c10fee4afb9aea77f5a\" class=\"content-row content-row-single_heading\">\r\n        <div class=\"contentPart-main contentPart-main-single_heading trans \">\r\n            <div class=\"contentPart_inner\">\r\n                                    <div class=\"single_heading HL_main \">\r\n                        Biobanken in \u00d6sterreich                    <\/div>\r\n                            <\/div>\r\n\r\n            <div class=\"contentPart-sidebarDummy\"><\/div>\r\n        <\/div>\r\n    <\/div>\r\n\n\n    <div id=\"plain_textfieldblock_b8b3abcc52d8229f9eb2447f70d050d2\" class=\"content-row content-row-plain_textfield\">\r\n        <div class=\"contentPart contentPart-main contentPart-main-plain_textfield trans  \">\r\n            <div class=\"contentPart_inner\">\r\n                                    <div class=\"plain_textfield text1624 \">\r\n                        <p>In \u00d6sterreich befinden sich die gro\u00dfen Biobanken an medizinischen Universit\u00e4ten. Sie repr\u00e4sentieren krankheitsorientierte Biobanken, da sie Proben und Daten im Rahmen der klinischen Versorgung sammeln. Biologische Materialien in solchen Biobanken werden von Patienten gesammelt und repr\u00e4sentieren Restmaterial von Proben, die im Rahmen einer Untersuchung oder einer klinischen Nachsorge entnommen wurden. Proben f\u00fcr klinische Studien und diagnostische Zwecke wurden im Verlauf der medizinischen Geschichte gesammelt.<\/p>\n                    <\/div>\r\n                            <\/div>\r\n            <div class=\"contentPart-sidebarDummy\"><\/div>\r\n\r\n        <\/div>\r\n    <\/div>\r\n\n\n    <div id=\"links_downloadsblock_b912e1a0b58f37a5259471c94662c325\" class=\"content-row content-row-links_downloads  \">\r\n        <div class=\"contentPart-main contentPart-main-links_downloads trans \">\r\n            <div class=\"contentPart_inner contentPart_inner-links_downloads  flex_col\">\r\n                                    <div class=\"linkBox column\">\r\n                                                                                    <div class=\"links_inner\">\r\n                                    <div class=\"btnBox\">\r\n                                        <a href=\"https:\/\/www.youtube.com\/watch?v=sQwjpP9egkI\" target=\"_blank\" class=\"btnBox_inner_link btnBox_links_inner_left flex\">\r\n                                            <span class=\"main_btn_icon main_btn_icon_links_downloads\"><\/span>\r\n                                            <span class=\"main_btn_icon_hover main_btn_icon_hover_downloads\"><\/span>\r\n                                            <span class=\"main_btn_font btnBox_inner\">Was ist eine Biobank? F\u00fcr Patienten erkl\u00e4rt<\/span>\r\n                                        <\/a>\r\n                                    <\/div>\r\n                                <\/div>\r\n                                                                                                                <div class=\"links_inner\">\r\n                                    <div class=\"btnBox\">\r\n                                        <a href=\"https:\/\/www.euronews.com\/next\/2019\/01\/14\/european-researchers-tackle-cancer-with-biobanks\" target=\"_self\" class=\"btnBox_inner_link btnBox_links_inner_left flex\">\r\n                                            <span class=\"main_btn_icon main_btn_icon_links_downloads\"><\/span>\r\n                                            <span class=\"main_btn_icon_hover main_btn_icon_hover_downloads\"><\/span>\r\n                                            <span class=\"main_btn_font btnBox_inner\">Biobanken helfen europ\u00e4ischen Forschern bei der Krebsbek\u00e4mpfung (auf Englisch, EuroNews)<\/span>\r\n                                        <\/a>\r\n                                    <\/div>\r\n                                <\/div>\r\n                                                                                                                <div class=\"links_inner\">\r\n                                    <div class=\"btnBox\">\r\n                                        <a href=\"https:\/\/www.facebook.com\/medunigraz\/videos\/science-garden-entdeckungsreise-in-die-biobank\/1154429315392877\/\" target=\"_blank\" class=\"btnBox_inner_link btnBox_links_inner_left flex\">\r\n                                            <span class=\"main_btn_icon main_btn_icon_links_downloads\"><\/span>\r\n                                            <span class=\"main_btn_icon_hover main_btn_icon_hover_downloads\"><\/span>\r\n                                            <span class=\"main_btn_font btnBox_inner\">Entdeckungsreise in die Biobank (Science Garden)<\/span>\r\n                                        <\/a>\r\n                                    <\/div>\r\n                                <\/div>\r\n                                                                                                                <div class=\"links_inner\">\r\n                                    <div class=\"btnBox\">\r\n                                        <a href=\"https:\/\/www.medunigraz.at\/videos\/steirischer-hochschulraum-orf-steiermark\/biobank-med-uni-graz\" target=\"_blank\" class=\"btnBox_inner_link btnBox_links_inner_left flex\">\r\n                                            <span class=\"main_btn_icon main_btn_icon_links_downloads\"><\/span>\r\n                                            <span class=\"main_btn_icon_hover main_btn_icon_hover_downloads\"><\/span>\r\n                                            <span class=\"main_btn_font btnBox_inner\">Biobank der Med Uni Graz (ORF Steiermark, &#8222;Wissenswert&#8220;)<\/span>\r\n                                        <\/a>\r\n                                    <\/div>\r\n                                <\/div>\r\n                                                                                                                <div class=\"links_inner\">\r\n                                    <div class=\"btnBox\">\r\n                                        <a href=\"https:\/\/www.youtube.com\/watch?v=C5gNVQKklmg\" target=\"_blank\" class=\"btnBox_inner_link btnBox_links_inner_left flex\">\r\n                                            <span class=\"main_btn_icon main_btn_icon_links_downloads\"><\/span>\r\n                                            <span class=\"main_btn_icon_hover main_btn_icon_hover_downloads\"><\/span>\r\n                                            <span class=\"main_btn_font btnBox_inner\">Warum ist Graz Europas Biobanken-Hauptstadt? (EuroNews)<\/span>\r\n                                        <\/a>\r\n                                    <\/div>\r\n                                <\/div>\r\n                                                                                                                <div class=\"links_inner\">\r\n                                    <div class=\"btnBox\">\r\n                                        <a href=\"https:\/\/bbmri.at\/de\/start\/partner\/\" target=\"_self\" class=\"btnBox_inner_link btnBox_links_inner_left flex\">\r\n                                            <span class=\"main_btn_icon main_btn_icon_links_downloads\"><\/span>\r\n                                            <span class=\"main_btn_icon_hover main_btn_icon_hover_downloads\"><\/span>\r\n                                            <span class=\"main_btn_font btnBox_inner\">BBMRI.at Partner Biobanken<\/span>\r\n                                        <\/a>\r\n                                    <\/div>\r\n                                <\/div>\r\n                                                                        <\/div>\r\n                \r\n\r\n\r\n                            <\/div>\r\n\r\n            <div class=\"contentPart-sidebarDummy\"><\/div>\r\n\r\n        <\/div>\r\n    <\/div>\r\n\n\n    <div id=\"imgBoxblock_8f0ddf6447718a28b01ffbd23f05c763\" class=\"content-row content-row-imgBox\">\r\n        <div class=\"contentPart contentPart-main contentPart-main-imgBox trans  \">\r\n            <div class=\"contentPart_inner\">\r\n                <div class=\"imgBox_inner flex\">\r\n                    \r\n                        \r\n                            <div class=\"imgBox_box\">\r\n                                                                <a  class=\"img_link\" >\r\n                                                                        <img decoding=\"async\" src=\"https:\/\/bbmri.at\/wp-content\/uploads\/2023\/10\/Kryolager2-1-1024x683.jpg\" alt=\"\" class=\"imgBox_img\">\r\n\r\n                                                                    <\/a>\r\n                            <\/div>\r\n\r\n                        \r\n                            <div class=\"imgBox_box\">\r\n                                                                <a  class=\"img_link\" >\r\n                                                                        <img decoding=\"async\" src=\"https:\/\/bbmri.at\/wp-content\/uploads\/2023\/10\/C-BBMRI.at-Institute-of-Pathologie-Med-Uni-Graz-266-1024x683.jpg\" alt=\"\" class=\"imgBox_img\">\r\n\r\n                                                                    <\/a>\r\n                            <\/div>\r\n\r\n                        \r\n                            <div class=\"imgBox_box\">\r\n                                                                <a  class=\"img_link\" >\r\n                                                                        <img decoding=\"async\" src=\"https:\/\/bbmri.at\/wp-content\/uploads\/2023\/10\/DSC6342-1024x684.jpg\" alt=\"\" class=\"imgBox_img\">\r\n\r\n                                                                    <\/a>\r\n                            <\/div>\r\n\r\n                        \r\n                            <div class=\"imgBox_box\">\r\n                                                                <a  class=\"img_link\" >\r\n                                                                        <img decoding=\"async\" src=\"https:\/\/bbmri.at\/wp-content\/uploads\/2023\/10\/Archivarbeit-1024x684.jpg\" alt=\"\" class=\"imgBox_img\">\r\n\r\n                                                                    <\/a>\r\n                            <\/div>\r\n\r\n                        \r\n                                    <\/div>\r\n            <\/div>\r\n            <div class=\"contentPart-sidebarDummy\"><\/div>\r\n        <\/div>\r\n    <\/div>\r\n","protected":false},"excerpt":{"rendered":"","protected":false},"author":1,"featured_media":0,"parent":0,"menu_order":3,"comment_status":"closed","ping_status":"closed","template":"","meta":{"_acf_changed":false,"_coblocks_attr":"","_coblocks_dimensions":"","_coblocks_responsive_height":"","_coblocks_accordion_ie_support":"","footnotes":""},"class_list":["post-666","page","type-page","status-publish","hentry"],"acf":[],"yoast_head":"<!-- This site is optimized with the Yoast SEO plugin v27.6 - https:\/\/yoast.com\/product\/yoast-seo-wordpress\/ -->\n<title>F\u00fcr B\u00fcrger*innen - BBMRI.at<\/title>\n<meta name=\"robots\" content=\"index, follow, max-snippet:-1, max-image-preview:large, max-video-preview:-1\" \/>\n<link rel=\"canonical\" href=\"https:\/\/bbmri.at\/de\/fuer-buerger\/\" \/>\n<meta property=\"og:locale\" content=\"de_DE\" \/>\n<meta property=\"og:type\" content=\"article\" \/>\n<meta property=\"og:title\" content=\"F\u00fcr B\u00fcrger*innen - BBMRI.at\" \/>\n<meta property=\"og:url\" content=\"https:\/\/bbmri.at\/de\/fuer-buerger\/\" \/>\n<meta property=\"og:site_name\" content=\"BBMRI.at\" \/>\n<meta property=\"article:modified_time\" content=\"2024-05-05T12:16:59+00:00\" \/>\n<meta name=\"twitter:card\" content=\"summary_large_image\" \/>\n<script type=\"application\/ld+json\" class=\"yoast-schema-graph\">{\"@context\":\"https:\\\/\\\/schema.org\",\"@graph\":[{\"@type\":\"WebPage\",\"@id\":\"https:\\\/\\\/bbmri.at\\\/de\\\/fuer-buerger\\\/\",\"url\":\"https:\\\/\\\/bbmri.at\\\/de\\\/fuer-buerger\\\/\",\"name\":\"F\u00fcr B\u00fcrger*innen - BBMRI.at\",\"isPartOf\":{\"@id\":\"https:\\\/\\\/bbmri.at\\\/#website\"},\"datePublished\":\"2023-10-06T13:05:48+00:00\",\"dateModified\":\"2024-05-05T12:16:59+00:00\",\"breadcrumb\":{\"@id\":\"https:\\\/\\\/bbmri.at\\\/de\\\/fuer-buerger\\\/#breadcrumb\"},\"inLanguage\":\"de-AT\",\"potentialAction\":[{\"@type\":\"ReadAction\",\"target\":[\"https:\\\/\\\/bbmri.at\\\/de\\\/fuer-buerger\\\/\"]}]},{\"@type\":\"BreadcrumbList\",\"@id\":\"https:\\\/\\\/bbmri.at\\\/de\\\/fuer-buerger\\\/#breadcrumb\",\"itemListElement\":[{\"@type\":\"ListItem\",\"position\":1,\"name\":\"Startseite\",\"item\":\"https:\\\/\\\/bbmri.at\\\/de\\\/\"},{\"@type\":\"ListItem\",\"position\":2,\"name\":\"F\u00fcr B\u00fcrger*innen\"}]},{\"@type\":\"WebSite\",\"@id\":\"https:\\\/\\\/bbmri.at\\\/#website\",\"url\":\"https:\\\/\\\/bbmri.at\\\/\",\"name\":\"BBMRI.at\",\"description\":\"Biobanking and BioMolecular resources Research Infrastructure Austria\",\"potentialAction\":[{\"@type\":\"SearchAction\",\"target\":{\"@type\":\"EntryPoint\",\"urlTemplate\":\"https:\\\/\\\/bbmri.at\\\/?s={search_term_string}\"},\"query-input\":{\"@type\":\"PropertyValueSpecification\",\"valueRequired\":true,\"valueName\":\"search_term_string\"}}],\"inLanguage\":\"de-AT\"}]}<\/script>\n<!-- \/ Yoast SEO plugin. -->","yoast_head_json":{"title":"F\u00fcr B\u00fcrger*innen - BBMRI.at","robots":{"index":"index","follow":"follow","max-snippet":"max-snippet:-1","max-image-preview":"max-image-preview:large","max-video-preview":"max-video-preview:-1"},"canonical":"https:\/\/bbmri.at\/de\/fuer-buerger\/","og_locale":"de_DE","og_type":"article","og_title":"F\u00fcr B\u00fcrger*innen - BBMRI.at","og_url":"https:\/\/bbmri.at\/de\/fuer-buerger\/","og_site_name":"BBMRI.at","article_modified_time":"2024-05-05T12:16:59+00:00","twitter_card":"summary_large_image","schema":{"@context":"https:\/\/schema.org","@graph":[{"@type":"WebPage","@id":"https:\/\/bbmri.at\/de\/fuer-buerger\/","url":"https:\/\/bbmri.at\/de\/fuer-buerger\/","name":"F\u00fcr B\u00fcrger*innen - BBMRI.at","isPartOf":{"@id":"https:\/\/bbmri.at\/#website"},"datePublished":"2023-10-06T13:05:48+00:00","dateModified":"2024-05-05T12:16:59+00:00","breadcrumb":{"@id":"https:\/\/bbmri.at\/de\/fuer-buerger\/#breadcrumb"},"inLanguage":"de-AT","potentialAction":[{"@type":"ReadAction","target":["https:\/\/bbmri.at\/de\/fuer-buerger\/"]}]},{"@type":"BreadcrumbList","@id":"https:\/\/bbmri.at\/de\/fuer-buerger\/#breadcrumb","itemListElement":[{"@type":"ListItem","position":1,"name":"Startseite","item":"https:\/\/bbmri.at\/de\/"},{"@type":"ListItem","position":2,"name":"F\u00fcr B\u00fcrger*innen"}]},{"@type":"WebSite","@id":"https:\/\/bbmri.at\/#website","url":"https:\/\/bbmri.at\/","name":"BBMRI.at","description":"Biobanking and BioMolecular resources Research Infrastructure Austria","potentialAction":[{"@type":"SearchAction","target":{"@type":"EntryPoint","urlTemplate":"https:\/\/bbmri.at\/?s={search_term_string}"},"query-input":{"@type":"PropertyValueSpecification","valueRequired":true,"valueName":"search_term_string"}}],"inLanguage":"de-AT"}]}},"_links":{"self":[{"href":"https:\/\/bbmri.at\/de\/wp-json\/wp\/v2\/pages\/666","targetHints":{"allow":["GET"]}}],"collection":[{"href":"https:\/\/bbmri.at\/de\/wp-json\/wp\/v2\/pages"}],"about":[{"href":"https:\/\/bbmri.at\/de\/wp-json\/wp\/v2\/types\/page"}],"author":[{"embeddable":true,"href":"https:\/\/bbmri.at\/de\/wp-json\/wp\/v2\/users\/1"}],"replies":[{"embeddable":true,"href":"https:\/\/bbmri.at\/de\/wp-json\/wp\/v2\/comments?post=666"}],"version-history":[{"count":15,"href":"https:\/\/bbmri.at\/de\/wp-json\/wp\/v2\/pages\/666\/revisions"}],"predecessor-version":[{"id":9790,"href":"https:\/\/bbmri.at\/de\/wp-json\/wp\/v2\/pages\/666\/revisions\/9790"}],"wp:attachment":[{"href":"https:\/\/bbmri.at\/de\/wp-json\/wp\/v2\/media?parent=666"}],"curies":[{"name":"wp","href":"https:\/\/api.w.org\/{rel}","templated":true}]}}