{"id":5937,"date":"2023-11-20T15:33:22","date_gmt":"2023-11-20T14:33:22","guid":{"rendered":"https:\/\/bbmri.at\/?page_id=5937"},"modified":"2023-11-20T15:33:23","modified_gmt":"2023-11-20T14:33:23","slug":"datenschutzerklaerung","status":"publish","type":"page","link":"https:\/\/bbmri.at\/de\/datenschutzerklaerung\/","title":{"rendered":"Datenschutzerkl\u00e4rung"},"content":{"rendered":"    <div id=\"main_textblock_d677df2755e8d13ed784b436c4be45fb\" class=\"content-row content-row-main_text\">\n        <div class=\"contentPart-main contentPart-main-main_text trans \">\n            <div class=\"contentPart_inner\">\n                \n                                    <h1 class=\"heading_main_txt HL_main\">\n                        Datenschutzerkl\u00e4rung (Datenschutzhinweis)                    <\/h1>\n                \n                                    <h3 class=\"subheading_main_txt HL_sub\">\n                        Wir werden Ihre Kontaktdaten nicht verkaufen, verteilen oder an Dritte weitergeben, es sei denn, wir haben Ihre Erlaubnis dazu oder sind gesetzlich dazu verpflichtet. Ihre Daten werden nur innerhalb der definierten Gruppe der Mitglieder des BBMRI.at-Konsortiums f\u00fcr den Zweck des Informationsaustauschs verwendet.                    <\/h3>\n                \n                                    <div class=\"text_main_text text1624 main_text_margin\">\n                        <p>Diese Datenschutzerkl\u00e4rung informiert Sie dar\u00fcber, wie wir Informationen handhaben, die w\u00e4hrend Ihres Besuchs auf unserer Website gesammelt werden, und wie sie verwendet werden. Dies umfasst:<\/p>\n<p><strong>Automatisch gesammelte Nutzungsdaten:<\/strong><\/p>\n<p>Wenn Sie auf unsere Website zugreifen, werden allgemeine Informationen &#8211; die keine personenbezogenen Daten sind &#8211; automatisch erfasst und in Logdateien gespeichert:<\/p>\n<ul>\n<li>IP-Adresse<\/li>\n<li>Browsertyp und -version<\/li>\n<li>Datum und Uhrzeit des Besuchs oder der Anfrage<\/li>\n<li>Internetdienstanbieter des Benutzers<\/li>\n<li>Betriebssystem des Benutzers<\/li>\n<li>Websites\/URLs, von denen das System des Benutzers auf unsere Website gelangt<\/li>\n<li>Websites, die von den Systemen der Benutzer aufgerufen werden<\/li>\n<li>Fehlerprotokolldateien<\/li>\n<\/ul>\n<p>&nbsp;<\/p>\n<p>Diese Daten lassen sich keiner bestimmten Person zuordnen. Wir aggregieren diese Daten nicht mit anderen Datenquellen. Diese Informationen dienen ausschlie\u00dflich statistischen Zwecken und sind anonym. Wir verwenden oder geben diese Daten nicht an Parteien au\u00dferhalb des BBMRI.at-Konsortiums weiter.<\/p>\n<p>&nbsp;<\/p>\n<p><strong>Cookies:<\/strong><\/p>\n<p>Die Website verwendet Cookies und andere Tracking-Technologien, um Ihre Erfahrung zu personalisieren und zu verbessern. Cookies enthalten keine personenbezogenen Daten, sodass der Schutz Ihrer Privatsph\u00e4re gew\u00e4hrleistet ist. Durch die weitere Nutzung unserer Website stimmen Sie dem zu.<\/p>\n<p>&nbsp;<\/p>\n<p><strong>Details:<\/strong><\/p>\n<ul>\n<li>Beschreibung und Umfang der Datenverarbeitung: Die Website verwendet Cookies. Cookies sind kleine Dateien, die vor\u00fcbergehend auf Ihrer Festplatte gespeichert werden. Sie dienen nur dazu, Informationen \u00fcber die Nutzung der Website zu erhalten, um unsere Website benutzerfreundlicher zu gestalten. Dadurch kann Ihr Computer automatisch erkannt werden, wenn Sie die Seite erneut besuchen. Cookies enthalten keine personenbezogenen Daten, sodass der Schutz Ihrer Privatsph\u00e4re gew\u00e4hrleistet ist. Je nach Einstellung akzeptiert Ihr Internetbrowser automatisch Cookies. Sie k\u00f6nnen die Einstellungen Ihres Browsers jederzeit \u00e4ndern und unsere Website ohne Cookies nutzen. Dies kann jedoch in Einzelf\u00e4llen zu Einschr\u00e4nkungen des Funktionsumfangs f\u00fchren.<\/li>\n<\/ul>\n<p>&nbsp;<\/p>\n<p><strong>Rechte der betroffenen Person:<\/strong><\/p>\n<p>Wenn Ihre personenbezogenen Daten verarbeitet werden, sind Sie die betroffene Person und haben mehrere Rechte gegen\u00fcber dem Verantwortlichen. Einige Hauptrechte sind kurz aufgef\u00fchrt:<\/p>\n<ul>\n<li>Recht auf Auskunft, L\u00f6schung, Sperrung: Bei Fragen zur Verarbeitung Ihrer Daten k\u00f6nnen Sie uns direkt kontaktieren. Auf Anfrage informieren wir Sie schriftlich gem\u00e4\u00df geltendem Recht dar\u00fcber, ob und welche personenbezogenen Daten wir \u00fcber Sie gespeichert haben. Neben dem Recht auf kostenlose Auskunft \u00fcber Ihre gespeicherten personenbezogenen Daten, den Ursprung und den Zweck der Datenverarbeitung haben Sie das Recht auf Berichtigung, Sperrung oder L\u00f6schung.<\/li>\n<li>Recht auf Beschwerde bei einer Aufsichtsbeh\u00f6rde: Gem\u00e4\u00df Artikel 78 DSGVO haben Sie das Recht, bei der zust\u00e4ndigen Aufsichtsbeh\u00f6rde Beschwerde einzulegen. In \u00d6sterreich ist dies die Datenschutzbeh\u00f6rde.<\/li>\n<\/ul>\n<p>&nbsp;<\/p>\n<p>Kontakt:<\/p>\n<div>Med Uni Graz:<a href=\"mailto:datenschutz@medunigraz.at\" target=\"_new\">\u00a0datenschutz@medunigraz.at<\/a><\/div>\n<div>Datenschutzbeh\u00f6rde: <a href=\"https:\/\/www.dsb.gv.at\/\">https:\/\/www.dsb.gv.at\/<\/a><\/div>\n<p>&nbsp;<\/p>\n                    <\/div>\n                \n                            <\/div>\n\n\n\n            <div class=\"contentPart-sidebarDummy\"><\/div>\n        <\/div>\n\n    <\/div>\n","protected":false},"excerpt":{"rendered":"","protected":false},"author":2,"featured_media":0,"parent":0,"menu_order":6,"comment_status":"closed","ping_status":"closed","template":"","meta":{"_acf_changed":false,"_coblocks_attr":"","_coblocks_dimensions":"","_coblocks_responsive_height":"","_coblocks_accordion_ie_support":"","footnotes":""},"class_list":["post-5937","page","type-page","status-publish","hentry"],"acf":[],"yoast_head":"<!-- This site is optimized with the Yoast SEO plugin v27.4 - https:\/\/yoast.com\/product\/yoast-seo-wordpress\/ -->\n<title>Datenschutzerkl\u00e4rung - BBMRI.at<\/title>\n<meta name=\"robots\" content=\"index, follow, max-snippet:-1, max-image-preview:large, max-video-preview:-1\" \/>\n<link rel=\"canonical\" href=\"https:\/\/bbmri.at\/de\/datenschutzerklaerung\/\" \/>\n<meta property=\"og:locale\" content=\"de_DE\" \/>\n<meta property=\"og:type\" content=\"article\" \/>\n<meta property=\"og:title\" content=\"Datenschutzerkl\u00e4rung - BBMRI.at\" \/>\n<meta property=\"og:url\" content=\"https:\/\/bbmri.at\/de\/datenschutzerklaerung\/\" \/>\n<meta property=\"og:site_name\" content=\"BBMRI.at\" \/>\n<meta property=\"article:modified_time\" content=\"2023-11-20T14:33:23+00:00\" \/>\n<meta name=\"twitter:card\" content=\"summary_large_image\" \/>\n<script type=\"application\/ld+json\" class=\"yoast-schema-graph\">{\"@context\":\"https:\\\/\\\/schema.org\",\"@graph\":[{\"@type\":\"WebPage\",\"@id\":\"https:\\\/\\\/bbmri.at\\\/de\\\/datenschutzerklaerung\\\/\",\"url\":\"https:\\\/\\\/bbmri.at\\\/de\\\/datenschutzerklaerung\\\/\",\"name\":\"Datenschutzerkl\u00e4rung - BBMRI.at\",\"isPartOf\":{\"@id\":\"https:\\\/\\\/bbmri.at\\\/#website\"},\"datePublished\":\"2023-11-20T14:33:22+00:00\",\"dateModified\":\"2023-11-20T14:33:23+00:00\",\"breadcrumb\":{\"@id\":\"https:\\\/\\\/bbmri.at\\\/de\\\/datenschutzerklaerung\\\/#breadcrumb\"},\"inLanguage\":\"de-AT\",\"potentialAction\":[{\"@type\":\"ReadAction\",\"target\":[\"https:\\\/\\\/bbmri.at\\\/de\\\/datenschutzerklaerung\\\/\"]}]},{\"@type\":\"BreadcrumbList\",\"@id\":\"https:\\\/\\\/bbmri.at\\\/de\\\/datenschutzerklaerung\\\/#breadcrumb\",\"itemListElement\":[{\"@type\":\"ListItem\",\"position\":1,\"name\":\"Startseite\",\"item\":\"https:\\\/\\\/bbmri.at\\\/de\\\/\"},{\"@type\":\"ListItem\",\"position\":2,\"name\":\"Datenschutzerkl\u00e4rung\"}]},{\"@type\":\"WebSite\",\"@id\":\"https:\\\/\\\/bbmri.at\\\/#website\",\"url\":\"https:\\\/\\\/bbmri.at\\\/\",\"name\":\"BBMRI.at\",\"description\":\"Biobanking and BioMolecular resources Research Infrastructure Austria\",\"potentialAction\":[{\"@type\":\"SearchAction\",\"target\":{\"@type\":\"EntryPoint\",\"urlTemplate\":\"https:\\\/\\\/bbmri.at\\\/?s={search_term_string}\"},\"query-input\":{\"@type\":\"PropertyValueSpecification\",\"valueRequired\":true,\"valueName\":\"search_term_string\"}}],\"inLanguage\":\"de-AT\"}]}<\/script>\n<!-- \/ Yoast SEO plugin. -->","yoast_head_json":{"title":"Datenschutzerkl\u00e4rung - BBMRI.at","robots":{"index":"index","follow":"follow","max-snippet":"max-snippet:-1","max-image-preview":"max-image-preview:large","max-video-preview":"max-video-preview:-1"},"canonical":"https:\/\/bbmri.at\/de\/datenschutzerklaerung\/","og_locale":"de_DE","og_type":"article","og_title":"Datenschutzerkl\u00e4rung - BBMRI.at","og_url":"https:\/\/bbmri.at\/de\/datenschutzerklaerung\/","og_site_name":"BBMRI.at","article_modified_time":"2023-11-20T14:33:23+00:00","twitter_card":"summary_large_image","schema":{"@context":"https:\/\/schema.org","@graph":[{"@type":"WebPage","@id":"https:\/\/bbmri.at\/de\/datenschutzerklaerung\/","url":"https:\/\/bbmri.at\/de\/datenschutzerklaerung\/","name":"Datenschutzerkl\u00e4rung - BBMRI.at","isPartOf":{"@id":"https:\/\/bbmri.at\/#website"},"datePublished":"2023-11-20T14:33:22+00:00","dateModified":"2023-11-20T14:33:23+00:00","breadcrumb":{"@id":"https:\/\/bbmri.at\/de\/datenschutzerklaerung\/#breadcrumb"},"inLanguage":"de-AT","potentialAction":[{"@type":"ReadAction","target":["https:\/\/bbmri.at\/de\/datenschutzerklaerung\/"]}]},{"@type":"BreadcrumbList","@id":"https:\/\/bbmri.at\/de\/datenschutzerklaerung\/#breadcrumb","itemListElement":[{"@type":"ListItem","position":1,"name":"Startseite","item":"https:\/\/bbmri.at\/de\/"},{"@type":"ListItem","position":2,"name":"Datenschutzerkl\u00e4rung"}]},{"@type":"WebSite","@id":"https:\/\/bbmri.at\/#website","url":"https:\/\/bbmri.at\/","name":"BBMRI.at","description":"Biobanking and BioMolecular resources Research Infrastructure Austria","potentialAction":[{"@type":"SearchAction","target":{"@type":"EntryPoint","urlTemplate":"https:\/\/bbmri.at\/?s={search_term_string}"},"query-input":{"@type":"PropertyValueSpecification","valueRequired":true,"valueName":"search_term_string"}}],"inLanguage":"de-AT"}]}},"_links":{"self":[{"href":"https:\/\/bbmri.at\/de\/wp-json\/wp\/v2\/pages\/5937","targetHints":{"allow":["GET"]}}],"collection":[{"href":"https:\/\/bbmri.at\/de\/wp-json\/wp\/v2\/pages"}],"about":[{"href":"https:\/\/bbmri.at\/de\/wp-json\/wp\/v2\/types\/page"}],"author":[{"embeddable":true,"href":"https:\/\/bbmri.at\/de\/wp-json\/wp\/v2\/users\/2"}],"replies":[{"embeddable":true,"href":"https:\/\/bbmri.at\/de\/wp-json\/wp\/v2\/comments?post=5937"}],"version-history":[{"count":3,"href":"https:\/\/bbmri.at\/de\/wp-json\/wp\/v2\/pages\/5937\/revisions"}],"predecessor-version":[{"id":5940,"href":"https:\/\/bbmri.at\/de\/wp-json\/wp\/v2\/pages\/5937\/revisions\/5940"}],"wp:attachment":[{"href":"https:\/\/bbmri.at\/de\/wp-json\/wp\/v2\/media?parent=5937"}],"curies":[{"name":"wp","href":"https:\/\/api.w.org\/{rel}","templated":true}]}}