{"id":5918,"date":"2023-11-20T15:20:05","date_gmt":"2023-11-20T14:20:05","guid":{"rendered":"https:\/\/bbmri.at\/?page_id=5918"},"modified":"2026-04-08T12:19:47","modified_gmt":"2026-04-08T10:19:47","slug":"kurse-2","status":"publish","type":"page","link":"https:\/\/bbmri.at\/de\/news-2\/kurse-2\/","title":{"rendered":"Kurse"},"content":{"rendered":"    <div id=\"main_textblock_7731d082e99350ec170ab59c2499a0a9\" class=\"content-row content-row-main_text\">\n        <div class=\"contentPart-main contentPart-main-main_text trans \">\n            <div class=\"contentPart_inner\">\n                \n                                    <h1 class=\"heading_main_txt HL_main\">\n                        Kurse &amp; Bildungsveranstaltungen                    <\/h1>\n                \n                                    <h3 class=\"subheading_main_txt HL_sub\">\n                        BBMRI.at, seine Partner und BBMRI-ERIC bieten verschiedene Kurse, Workshops und andere Bildungsveranstaltungen an (live oder aufgezeichnet).                    <\/h3>\n                \n                                    <div class=\"text_main_text text1624 main_text_margin\">\n                        <p>Da die Qualit\u00e4t von Proben eine wesentliche Voraussetzung f\u00fcr reproduzierbare Forschung und In-vitro-Diagnostik ist, bietet BBMRI Schulungen zum pr\u00e4analytischen Umgang mit Proben nach dem aktuellen Stand der Technik und ISO-Standards sowie zur Proben-\/Datenqualit\u00e4t an.<\/p>\n<p>Ein weiterer Schwerpunkt liegt auf der Schulung im Bereich Biobanking mit Kursen zum Aufbau und Betrieb von Biobanken sowie einem Masterstudiengang f\u00fcr Biobanking an der Med Uni Graz.<\/p>\n<p>(1) Bevorstehende Bildungsaktivit\u00e4ten k\u00f6nnen in unseren Neuigkeiten rechts nachgelesen werden.<\/p>\n<p>(2) E-Learning \/ Schulung: Sehen Sie sich Videos und Webinare mit Beitr\u00e4gen von BBMRI.at zum pr\u00e4analytischen Umgang mit Proben, zu ISO- und CEN-Standards sowie zur Relevanz f\u00fcr die In-vitro-Diagnostik und Forschung an.<\/p>\n                    <\/div>\n                \n                                    <div class=\"btnBox btnBox_main_text column\">\n                                                    <a href=\"http:\/\/www.bbmri-eric.eu\/services\/e-learning\/\" target=\"_blank\" class=\"btnBox_inner_link btnBox_inner_left fl_align_center\">\n                                <span class=\"main_btn_icon\"><\/span>\n                                <span class=\"main_btn_icon_hover\"><\/span>\n                                <span class=\"main_btn_font btnBox_inner\">E-Learning auf der BBMRI.QM Akademie<\/span>\n                            <\/a>\n                        \n                                                    <a href=\"https:\/\/postgraduate-school.medunigraz.at\/wissenschaft-forschung\/biobanking\" target=\"_blank\" class=\"btnBox_inner_link btnBox_inner_right fl_align_center\">\n                                <span class=\"main_btn_icon\"><\/span>\n                                <span class=\"main_btn_icon_hover\"><\/span>\n                                <span class=\"main_btn_font btnBox_inner\">Master of Biobanking an der Med Uni Graz<\/span>\n                            <\/a>\n                                            <\/div>\n                            <\/div>\n\n\n\n            <div class=\"contentPart-sidebarDummy\"><\/div>\n        <\/div>\n\n    <\/div>\n\n\n    <div id=\"single_headingblock_fe57b654fc392f7760209a8e0657749b\" class=\"content-row content-row-single_heading\">\r\n        <div class=\"contentPart-main contentPart-main-single_heading trans \">\r\n            <div class=\"contentPart_inner\">\r\n                                    <div class=\"single_heading HL_main \">\r\n                        Videos um einen \u00dcberblicke zu erhalten (auf Deutsch)                     <\/div>\r\n                            <\/div>\r\n\r\n            <div class=\"contentPart-sidebarDummy\"><\/div>\r\n        <\/div>\r\n    <\/div>\r\n\n\n    <div id=\"links_downloadsblock_7b3749124c209f74ff3a04cff522f8e9\" class=\"content-row content-row-links_downloads  \">\r\n        <div class=\"contentPart-main contentPart-main-links_downloads trans \">\r\n            <div class=\"contentPart_inner contentPart_inner-links_downloads  flex_col\">\r\n                                    <div class=\"linkBox column\">\r\n                                                                                    <div class=\"links_inner\">\r\n                                    <div class=\"btnBox\">\r\n                                        <a href=\"https:\/\/www.youtube.com\/watch?v=36n9J8ZxeAA\" target=\"_blank\" class=\"btnBox_inner_link btnBox_links_inner_left flex\">\r\n                                            <span class=\"main_btn_icon main_btn_icon_links_downloads\"><\/span>\r\n                                            <span class=\"main_btn_icon_hover main_btn_icon_hover_downloads\"><\/span>\r\n                                            <span class=\"main_btn_font btnBox_inner\">Dr. Uwe Oelm\u00fcller, &#8222;Neue Standards f\u00fcr die Pr\u00e4analytik&#8220;<\/span>\r\n                                        <\/a>\r\n                                    <\/div>\r\n                                <\/div>\r\n                                                                                                                <div class=\"links_inner\">\r\n                                    <div class=\"btnBox\">\r\n                                        <a href=\"https:\/\/www.youtube.com\/watch?v=lQXTQME3jH0\" target=\"_blank\" class=\"btnBox_inner_link btnBox_links_inner_left flex\">\r\n                                            <span class=\"main_btn_icon main_btn_icon_links_downloads\"><\/span>\r\n                                            <span class=\"main_btn_icon_hover main_btn_icon_hover_downloads\"><\/span>\r\n                                            <span class=\"main_btn_font btnBox_inner\">Prof. Kurt Zatloukal, &#8222;Relevanz von Standards in der Diagnostik&#8220;<\/span>\r\n                                        <\/a>\r\n                                    <\/div>\r\n                                <\/div>\r\n                                                                                                                <div class=\"links_inner\">\r\n                                    <div class=\"btnBox\">\r\n                                        <a href=\"https:\/\/www.youtube.com\/watch?v=gwIssbFHYAw\" target=\"_blank\" class=\"btnBox_inner_link btnBox_links_inner_left flex\">\r\n                                            <span class=\"main_btn_icon main_btn_icon_links_downloads\"><\/span>\r\n                                            <span class=\"main_btn_icon_hover main_btn_icon_hover_downloads\"><\/span>\r\n                                            <span class=\"main_btn_font btnBox_inner\">Dr. Uwe Oelm\u00fcller, &#8222;Pr\u00e4analytische ISO und CEN Standards&#8220;<\/span>\r\n                                        <\/a>\r\n                                    <\/div>\r\n                                <\/div>\r\n                                                                        <\/div>\r\n                \r\n\r\n\r\n                            <\/div>\r\n\r\n            <div class=\"contentPart-sidebarDummy\"><\/div>\r\n\r\n        <\/div>\r\n    <\/div>\r\n\n\n    <div id=\"single_headingblock_c3b408da014f8920d538637793b07e54\" class=\"content-row content-row-single_heading\">\r\n        <div class=\"contentPart-main contentPart-main-single_heading trans \">\r\n            <div class=\"contentPart_inner\">\r\n                                    <div class=\"single_heading HL_main \">\r\n                        Webinare, die praktische Details bieten (auf Englisch)                    <\/div>\r\n                            <\/div>\r\n\r\n            <div class=\"contentPart-sidebarDummy\"><\/div>\r\n        <\/div>\r\n    <\/div>\r\n\n\n    <div id=\"plain_textfieldblock_ee13e70159377ce09e6ecd82dd69e199\" class=\"content-row content-row-plain_textfield\">\r\n        <div class=\"contentPart contentPart-main contentPart-main-plain_textfield trans  \">\r\n            <div class=\"contentPart_inner\">\r\n                                    <div class=\"plain_textfield text1624 \">\r\n                        <p>Uwe Oelmueller<br \/>\n<strong>Frozen tissue, FFPE tissue venous whole blood for RNA &amp; Proteins &amp; DNA &amp; ccfDNA<\/strong><br \/>\nChapter 1-4: Scope, normative references, terms and definitions, general considerations<\/p>\n<p>&nbsp;<\/p>\n<p>Peter Riegman<br \/>\nStandards: <strong>Frozen tissue \u2013 Isolated RNA, ISO 20184-1; Isolated proteins, ISO 20184-2<\/strong><br \/>\nChapter: 5.1 \u2013 5.2 Specimen collection and transport<\/p>\n<p>&nbsp;<\/p>\n<p>Kurt Zatloukal, Peter Riegman<br \/>\nStandards: <strong>Frozen tissue,- Isolated RNA, ISO 20184-1; Isolated proteins, ISO 20184-2<\/strong><br \/>\nChapter: 6.1 \u2013 6.3.2 Specimen reception, evaluation of pathology, sample selection, freezing<\/p>\n<p>&nbsp;<\/p>\n<p>Cornelia Stumptner, Andrea Wutte<br \/>\nStandards: <strong>Frozen tissue \u2013 Isolated RNA, ISO 20184-1; Isolated proteins, ISO 20184-2<\/strong><br \/>\nChapter: 6.3.3 \u2013 6.4 Specimen freezing and storage<\/p>\n<p>&nbsp;<\/p>\n<p>Peter Riegman<br \/>\nStandards: <strong>Frozen tissue \u2013 Isolated RNA, ISO 20184-1<\/strong><br \/>\nChapter: 6.5 \u2013 6.7 RNA isolation, quantitiy\/quality, storage<\/p>\n<p>&nbsp;<\/p>\n<p>Peter Riegman<br \/>\nStandards: <strong>Frozen tissue \u2013 Isolated proteins, ISO 20184-2<\/strong><br \/>\nChapter: 6.5 \u2013 6.7 Protein isolation, quantity\/quality, storage<\/p>\n<p>&nbsp;<\/p>\n<p>Karl-Friedrich Becker<br \/>\nStandards: <strong>FFPE tissue \u2013 Isolated RNA, ISO 20166-1; <\/strong><strong>Isolated proteins, ISO 20166-2; Isolated DNA, ISO 20166-3<\/strong><br \/>\nChapter: 5.1 \u2013 5.2 Specimen collection and transport<\/p>\n<p>&nbsp;<\/p>\n<p>Cornelia Stumptner, Daniel Gr\u00f6lz<br \/>\nStandards: <strong>FFPE tissue \u2013 Isolated DNA, ISO 20166-3<\/strong><br \/>\nChapter: 6.6 \u2013 6.10 Tissue processing, paraffin embedding, DNA isolation, quantitiy\/quality, storage<\/p>\n<p>&nbsp;<\/p>\n<p>Stefania Gelmini<br \/>\nStandards: <strong>Venous whole blood \u2013 Isolated cellular RNA, ISO 20186-1; Isolated genomic DNA, ISO 20186-2; Isolated circulating cell free DNA from plasma, ISO 20186-3<\/strong><br \/>\nChapter: 5.1 \u2013 5.2 Specimen collection and transport<\/p>\n<p>&nbsp;<\/p>\n<p>Stefania Gelmini<br \/>\nStandards: <strong>Venous whole blood \u2013 Isolated genomic DNA<\/strong><br \/>\nChapter: 6.1 \u2013 6.5 Specimen reception, storage, DNA isolation, quantitiy\/quality, storage<\/p>\n<p>&nbsp;<\/p>\n<p>Kalle Guenther<br \/>\nStandards: <strong>Venous whole blood \u2013 Isolated cellular RNA, ISO 20186-1<\/strong><br \/>\nChapter: 6.1 \u2013 6.5 Specimen reception, storage, RNA isolation, quantitiy\/quality, storage<\/p>\n<p>&nbsp;<\/p>\n<p>Pamela Pinzani<br \/>\nStandards: <strong>Venous whole blood \u2013 Isolated circulating cell free DNA from plasma, ISO 20186-3<\/strong><br \/>\nChapter: 6.1 \u2013 6.7 Specimen reception, plasma preparation, storage, ccf DNA isolation, quantitiy\/quality, storage<\/p>\n                    <\/div>\r\n                            <\/div>\r\n            <div class=\"contentPart-sidebarDummy\"><\/div>\r\n\r\n        <\/div>\r\n    <\/div>\r\n\n\n    <div id=\"links_downloadsblock_aebe8d1e9ced16caceadf8d0c7dc2c5d\" class=\"content-row content-row-links_downloads  \">\r\n        <div class=\"contentPart-main contentPart-main-links_downloads trans \">\r\n            <div class=\"contentPart_inner contentPart_inner-links_downloads  flex_col\">\r\n                                    <div class=\"linkBox column\">\r\n                                                                                    <div class=\"links_inner\">\r\n                                    <div class=\"btnBox\">\r\n                                        <a href=\"https:\/\/www.bbmri-eric.eu\/services\/bbmri-qm-training-education\/\" target=\"_blank\" class=\"btnBox_inner_link btnBox_links_inner_left flex\">\r\n                                            <span class=\"main_btn_icon main_btn_icon_links_downloads\"><\/span>\r\n                                            <span class=\"main_btn_icon_hover main_btn_icon_hover_downloads\"><\/span>\r\n                                            <span class=\"main_btn_font btnBox_inner\">Greifen Sie auf die BBMRI-ERIC-Schulungsserie zu den Standards im Bereich Biobanking zu<\/span>\r\n                                        <\/a>\r\n                                    <\/div>\r\n                                <\/div>\r\n                                                                        <\/div>\r\n                \r\n\r\n\r\n                            <\/div>\r\n\r\n            <div class=\"contentPart-sidebarDummy\"><\/div>\r\n\r\n        <\/div>\r\n    <\/div>\r\n","protected":false},"excerpt":{"rendered":"","protected":false},"author":2,"featured_media":0,"parent":691,"menu_order":0,"comment_status":"closed","ping_status":"closed","template":"","meta":{"_acf_changed":false,"_coblocks_attr":"","_coblocks_dimensions":"","_coblocks_responsive_height":"","_coblocks_accordion_ie_support":"","footnotes":""},"class_list":["post-5918","page","type-page","status-publish","hentry"],"acf":[],"yoast_head":"<!-- This site is optimized with the Yoast SEO plugin v27.4 - https:\/\/yoast.com\/product\/yoast-seo-wordpress\/ -->\n<title>Kurse - BBMRI.at<\/title>\n<meta name=\"robots\" content=\"index, follow, max-snippet:-1, max-image-preview:large, max-video-preview:-1\" \/>\n<link rel=\"canonical\" href=\"https:\/\/bbmri.at\/de\/news-2\/kurse-2\/\" \/>\n<meta property=\"og:locale\" content=\"de_DE\" \/>\n<meta property=\"og:type\" content=\"article\" \/>\n<meta property=\"og:title\" content=\"Kurse - BBMRI.at\" \/>\n<meta property=\"og:url\" content=\"https:\/\/bbmri.at\/de\/news-2\/kurse-2\/\" \/>\n<meta property=\"og:site_name\" content=\"BBMRI.at\" \/>\n<meta property=\"article:modified_time\" content=\"2026-04-08T10:19:47+00:00\" \/>\n<meta name=\"twitter:card\" content=\"summary_large_image\" \/>\n<script type=\"application\/ld+json\" class=\"yoast-schema-graph\">{\"@context\":\"https:\\\/\\\/schema.org\",\"@graph\":[{\"@type\":\"WebPage\",\"@id\":\"https:\\\/\\\/bbmri.at\\\/de\\\/news-2\\\/kurse-2\\\/\",\"url\":\"https:\\\/\\\/bbmri.at\\\/de\\\/news-2\\\/kurse-2\\\/\",\"name\":\"Kurse - BBMRI.at\",\"isPartOf\":{\"@id\":\"https:\\\/\\\/bbmri.at\\\/#website\"},\"datePublished\":\"2023-11-20T14:20:05+00:00\",\"dateModified\":\"2026-04-08T10:19:47+00:00\",\"breadcrumb\":{\"@id\":\"https:\\\/\\\/bbmri.at\\\/de\\\/news-2\\\/kurse-2\\\/#breadcrumb\"},\"inLanguage\":\"de-AT\",\"potentialAction\":[{\"@type\":\"ReadAction\",\"target\":[\"https:\\\/\\\/bbmri.at\\\/de\\\/news-2\\\/kurse-2\\\/\"]}]},{\"@type\":\"BreadcrumbList\",\"@id\":\"https:\\\/\\\/bbmri.at\\\/de\\\/news-2\\\/kurse-2\\\/#breadcrumb\",\"itemListElement\":[{\"@type\":\"ListItem\",\"position\":1,\"name\":\"Startseite\",\"item\":\"https:\\\/\\\/bbmri.at\\\/de\\\/\"},{\"@type\":\"ListItem\",\"position\":2,\"name\":\"News &#038; Veranstaltungen\",\"item\":\"https:\\\/\\\/bbmri.at\\\/de\\\/news-2\\\/\"},{\"@type\":\"ListItem\",\"position\":3,\"name\":\"Kurse\"}]},{\"@type\":\"WebSite\",\"@id\":\"https:\\\/\\\/bbmri.at\\\/#website\",\"url\":\"https:\\\/\\\/bbmri.at\\\/\",\"name\":\"BBMRI.at\",\"description\":\"Biobanking and BioMolecular resources Research Infrastructure Austria\",\"potentialAction\":[{\"@type\":\"SearchAction\",\"target\":{\"@type\":\"EntryPoint\",\"urlTemplate\":\"https:\\\/\\\/bbmri.at\\\/?s={search_term_string}\"},\"query-input\":{\"@type\":\"PropertyValueSpecification\",\"valueRequired\":true,\"valueName\":\"search_term_string\"}}],\"inLanguage\":\"de-AT\"}]}<\/script>\n<!-- \/ Yoast SEO plugin. -->","yoast_head_json":{"title":"Kurse - BBMRI.at","robots":{"index":"index","follow":"follow","max-snippet":"max-snippet:-1","max-image-preview":"max-image-preview:large","max-video-preview":"max-video-preview:-1"},"canonical":"https:\/\/bbmri.at\/de\/news-2\/kurse-2\/","og_locale":"de_DE","og_type":"article","og_title":"Kurse - BBMRI.at","og_url":"https:\/\/bbmri.at\/de\/news-2\/kurse-2\/","og_site_name":"BBMRI.at","article_modified_time":"2026-04-08T10:19:47+00:00","twitter_card":"summary_large_image","schema":{"@context":"https:\/\/schema.org","@graph":[{"@type":"WebPage","@id":"https:\/\/bbmri.at\/de\/news-2\/kurse-2\/","url":"https:\/\/bbmri.at\/de\/news-2\/kurse-2\/","name":"Kurse - BBMRI.at","isPartOf":{"@id":"https:\/\/bbmri.at\/#website"},"datePublished":"2023-11-20T14:20:05+00:00","dateModified":"2026-04-08T10:19:47+00:00","breadcrumb":{"@id":"https:\/\/bbmri.at\/de\/news-2\/kurse-2\/#breadcrumb"},"inLanguage":"de-AT","potentialAction":[{"@type":"ReadAction","target":["https:\/\/bbmri.at\/de\/news-2\/kurse-2\/"]}]},{"@type":"BreadcrumbList","@id":"https:\/\/bbmri.at\/de\/news-2\/kurse-2\/#breadcrumb","itemListElement":[{"@type":"ListItem","position":1,"name":"Startseite","item":"https:\/\/bbmri.at\/de\/"},{"@type":"ListItem","position":2,"name":"News &#038; Veranstaltungen","item":"https:\/\/bbmri.at\/de\/news-2\/"},{"@type":"ListItem","position":3,"name":"Kurse"}]},{"@type":"WebSite","@id":"https:\/\/bbmri.at\/#website","url":"https:\/\/bbmri.at\/","name":"BBMRI.at","description":"Biobanking and BioMolecular resources Research Infrastructure Austria","potentialAction":[{"@type":"SearchAction","target":{"@type":"EntryPoint","urlTemplate":"https:\/\/bbmri.at\/?s={search_term_string}"},"query-input":{"@type":"PropertyValueSpecification","valueRequired":true,"valueName":"search_term_string"}}],"inLanguage":"de-AT"}]}},"_links":{"self":[{"href":"https:\/\/bbmri.at\/de\/wp-json\/wp\/v2\/pages\/5918","targetHints":{"allow":["GET"]}}],"collection":[{"href":"https:\/\/bbmri.at\/de\/wp-json\/wp\/v2\/pages"}],"about":[{"href":"https:\/\/bbmri.at\/de\/wp-json\/wp\/v2\/types\/page"}],"author":[{"embeddable":true,"href":"https:\/\/bbmri.at\/de\/wp-json\/wp\/v2\/users\/2"}],"replies":[{"embeddable":true,"href":"https:\/\/bbmri.at\/de\/wp-json\/wp\/v2\/comments?post=5918"}],"version-history":[{"count":4,"href":"https:\/\/bbmri.at\/de\/wp-json\/wp\/v2\/pages\/5918\/revisions"}],"predecessor-version":[{"id":16990,"href":"https:\/\/bbmri.at\/de\/wp-json\/wp\/v2\/pages\/5918\/revisions\/16990"}],"up":[{"embeddable":true,"href":"https:\/\/bbmri.at\/de\/wp-json\/wp\/v2\/pages\/691"}],"wp:attachment":[{"href":"https:\/\/bbmri.at\/de\/wp-json\/wp\/v2\/media?parent=5918"}],"curies":[{"name":"wp","href":"https:\/\/api.w.org\/{rel}","templated":true}]}}