{"id":5894,"date":"2023-11-20T14:46:56","date_gmt":"2023-11-20T13:46:56","guid":{"rendered":"https:\/\/bbmri.at\/?page_id=5894"},"modified":"2025-10-23T10:23:53","modified_gmt":"2025-10-23T08:23:53","slug":"services","status":"publish","type":"page","link":"https:\/\/bbmri.at\/de\/fuer-forscherinnen\/services\/","title":{"rendered":"Services"},"content":{"rendered":"    <div id=\"main_textblock_574554e23f9c51fb076abf2eec78b3e9\" class=\"content-row content-row-main_text\">\n        <div class=\"contentPart-main contentPart-main-main_text trans \">\n            <div class=\"contentPart_inner\">\n                \n                                    <h1 class=\"heading_main_txt HL_main\">\n                        Biobanking- und Laborleistungen, die von den Biobanken und Partnern von BBMRI.at angeboten werden                    <\/h1>\n                \n                                    <h3 class=\"subheading_main_txt HL_sub\">\n                        Die Biobanken von BBMRI.at haben das Ziel, Forscherinnen und Forscher zu unterst\u00fctzen, die mit biologischem Material und zugeh\u00f6rigen Daten arbeiten oder beabsichtigen, dies zu tun. Sie m\u00f6chten das Leben der Forscher erleichtern und sie mit ihrer Biobanking-Expertise in verschiedenen Schritten des Biobanking-Workflows unterst\u00fctzen.                    <\/h3>\n                \n                                    <div class=\"text_main_text text1624 main_text_margin\">\n                        <p>Biobanken bieten Zugang zu Proben und zugeh\u00f6rigen Daten und\/oder vermitteln Forscher an Hauptermittler von Proben-\/Datenkohorten f\u00fcr potenzielle Zusammenarbeiten in der Industrie oder in von der EU gef\u00f6rderten Projekten.<\/p>\n<p>Die Partnerbiobanken von BBMRI.at bieten auch verschiedene Dienstleistungen an und arbeiten gut mit verschiedenen Partnern zusammen, um ihr Serviceportfolio zu erweitern.<\/p>\n                    <\/div>\n                \n                                    <div class=\"btnBox btnBox_main_text row\">\n                                                    <a href=\"https:\/\/d1u.c1c.myftpupload.com\/wp-content\/uploads\/2023\/09\/BBMRI.at-Flyer-for-Researchers_all-partbers.pdf\" target=\"_blank\" class=\"btnBox_inner_link btnBox_inner_left fl_align_center\">\n                                <span class=\"main_btn_icon\"><\/span>\n                                <span class=\"main_btn_icon_hover\"><\/span>\n                                <span class=\"main_btn_font btnBox_inner\">Warum mit BBMRI.at und seinen Biobanken zusammenarbeiten?<\/span>\n                            <\/a>\n                        \n                                            <\/div>\n                            <\/div>\n\n\n\n            <div class=\"contentPart-sidebarDummy\"><\/div>\n        <\/div>\n\n    <\/div>\n\n\n    <div id=\"single_headingblock_fdaaf9a58b6c6461bb50bf7461b68a1e\" class=\"content-row content-row-single_heading\">\r\n        <div class=\"contentPart-main contentPart-main-single_heading trans \">\r\n            <div class=\"contentPart_inner\">\r\n                                    <div class=\"single_heading HL_main \">\r\n                        Services der Biobank-Partner von BBMRI.at                    <\/div>\r\n                            <\/div>\r\n\r\n            <div class=\"contentPart-sidebarDummy\"><\/div>\r\n        <\/div>\r\n    <\/div>\r\n\n\n    <div id=\"links_downloadsblock_600788371612ada376f335741cd33e51\" class=\"content-row content-row-links_downloads  \">\r\n        <div class=\"contentPart-main contentPart-main-links_downloads trans \">\r\n            <div class=\"contentPart_inner contentPart_inner-links_downloads  flex_col\">\r\n                                    <div class=\"linkBox column\">\r\n                                                                                    <div class=\"links_inner\">\r\n                                    <div class=\"btnBox\">\r\n                                        <a href=\"https:\/\/d1u.c1c.myftpupload.com\/wp-content\/uploads\/2023\/09\/Services-of-BBMRI.at-Biobank-Partners.pdf\" target=\"_blank\" class=\"btnBox_inner_link btnBox_links_inner_left flex\">\r\n                                            <span class=\"main_btn_icon main_btn_icon_links_downloads\"><\/span>\r\n                                            <span class=\"main_btn_icon_hover main_btn_icon_hover_downloads\"><\/span>\r\n                                            <span class=\"main_btn_font btnBox_inner\">Sehen Sie sich das Service Portfolio der BBMRI.at Biobank Partner an <\/span>\r\n                                        <\/a>\r\n                                    <\/div>\r\n                                <\/div>\r\n                                                                        <\/div>\r\n                \r\n\r\n\r\n                            <\/div>\r\n\r\n            <div class=\"contentPart-sidebarDummy\"><\/div>\r\n\r\n        <\/div>\r\n    <\/div>\r\n\n\n    <div id=\"accordionblock_6a4ddc5291e0dac6025e55ed3eec5471\" class=\"content-row content-row-accordion\">\r\n        <div class=\"contentPart contentPart-main contentPart-main-accordion trans  \">\r\n            <div class=\"contentPart_inner\">\r\n                                    <div class=\"accordion_inner flex_col\">\r\n                        \r\n                            <div class=\"accordion_bar\">\r\n                                <div class=\"accordion_hlBox fl_between\">\r\n                                    <h4 class=\"accordion_hl text1624\">\r\n                                        Bereitstellung von Zugang zu Proben und Daten                                    <\/h4>\r\n                                    <img decoding=\"async\" src=\"https:\/\/bbmri.at\/wp-content\/themes\/bbmri_theme\/img\/svg\/circle_btn_orange_up.svg\" alt=\"Accordion close Icon\" class=\"accordion_icon_orange\">\r\n                                <\/div>\r\n                                <div class=\"accordion_textBox text1624\">\r\n                                    <ul>\n<li>Tierische Proben und Daten (Katze, Hund, Frettchen, Meerschweinchen, Hamster, Pferd, Affe, Maus, Schwein, Ratte, Schaf)<\/li>\n<li>Menschliche Proben und Daten<\/li>\n<li>Paraffinbl\u00f6cke (FFPE)<\/li>\n<li>Paraffinschnitte (auf Objekttr\u00e4ger montiert, ungef\u00e4rbt)<\/li>\n<li>Fl\u00fcssigproben (Serum, EDTA-Plasma, Li-Hep-Plasma, Na-Citrat-Plasma, Buffy Coat, Urin, Vollblut, Speichel, Follikelfl\u00fcssigkeit, Seminalplasma, Synoviafl\u00fcssigkeit, Liquor, Stuhl, Aszites, PBMCs)<\/li>\n<li>Frisches gefrorenes Gewebe<\/li>\n<li>Gefrorene Gewebeschnitte (z. B. auf Objekttr\u00e4ger montiert oder in R\u00f6hrchen f\u00fcr die Nukleins\u00e4ureanalyse)<\/li>\n<li>Histologische Schnitte (z. B. H&amp;E, CAB, &#8230;)<\/li>\n<li>Immunhistologische Schnitte<\/li>\n<li>Ganze Schnittbilder (d. h. digitale Bilder von (immuno)histochemischen Schnitten)<\/li>\n<li>Gewebe-Mikroarray-Paraffinbl\u00f6cke<\/li>\n<li>Gewebe-Mikroarray-Paraffinschnitte<\/li>\n<li>Prim\u00e4rzellen und Zellkultur<\/li>\n<li>Andere Probentypen (z. B. isolierte RNA, DNA, Protein, &#8230;)<\/li>\n<\/ul>\n                                <\/div>\r\n                            <\/div>\r\n\r\n                        \r\n                            <div class=\"accordion_bar\">\r\n                                <div class=\"accordion_hlBox fl_between\">\r\n                                    <h4 class=\"accordion_hl text1624\">\r\n                                        Probenbearbeitung                                    <\/h4>\r\n                                    <img decoding=\"async\" src=\"https:\/\/bbmri.at\/wp-content\/themes\/bbmri_theme\/img\/svg\/circle_btn_orange_up.svg\" alt=\"Accordion close Icon\" class=\"accordion_icon_orange\">\r\n                                <\/div>\r\n                                <div class=\"accordion_textBox text1624\">\r\n                                    <p>Verarbeitung der oben genannten Probentypen.<\/p>\n                                <\/div>\r\n                            <\/div>\r\n\r\n                        \r\n                            <div class=\"accordion_bar\">\r\n                                <div class=\"accordion_hlBox fl_between\">\r\n                                    <h4 class=\"accordion_hl text1624\">\r\n                                        Kapazit\u00e4ten f\u00fcr die Probenlagerung                                    <\/h4>\r\n                                    <img decoding=\"async\" src=\"https:\/\/bbmri.at\/wp-content\/themes\/bbmri_theme\/img\/svg\/circle_btn_orange_up.svg\" alt=\"Accordion close Icon\" class=\"accordion_icon_orange\">\r\n                                <\/div>\r\n                                <div class=\"accordion_textBox text1624\">\r\n                                    <ul>\n<li>24\/7 temperatur\u00fcberwachte Lagerung von Proben unter verschiedenen Bedingungen<\/li>\n<li>Langzeitlagerung von archivierten Proben<\/li>\n<li>Ultra-Tiefk\u00fchltruhe (-70\u00b0C bis -90\u00b0C) 24\/7<\/li>\n<li>kontrolliert dampfphasenfl\u00fcssiger Stickstoff (-135\u00b0C bis -196\u00b0C) 24\/7 kontrolliert<\/li>\n<\/ul>\n                                <\/div>\r\n                            <\/div>\r\n\r\n                        \r\n                            <div class=\"accordion_bar\">\r\n                                <div class=\"accordion_hlBox fl_between\">\r\n                                    <h4 class=\"accordion_hl text1624\">\r\n                                        Unterst\u00fctzung von Forschungsprojekten                                    <\/h4>\r\n                                    <img decoding=\"async\" src=\"https:\/\/bbmri.at\/wp-content\/themes\/bbmri_theme\/img\/svg\/circle_btn_orange_up.svg\" alt=\"Accordion close Icon\" class=\"accordion_icon_orange\">\r\n                                <\/div>\r\n                                <div class=\"accordion_textBox text1624\">\r\n                                    <ul>\n<li>Unterst\u00fctzung von Forscher*innen w\u00e4hrend des Prozesses des Probenzugriffs<\/li>\n<li>Unterst\u00fctzung von Forscher*innen bei der Einreichung von Ethikantr\u00e4gen f\u00fcr ein bestimmtes Projekt<\/li>\n<li>Prospektive Probensammlung (Planung)<\/li>\n<li>Prospektive Probensammlung\/Verarbeitung\/Lagerung\/Probenmanagement (Durchf\u00fchrung)<\/li>\n<li>Aufbau von prospektiven Probenkollektionen nach ISO\/CEN\/TS-Standards (z. B. ISO 20166; ISO 20184, ISO 20186, etc.)<\/li>\n<li>Unterst\u00fctzung von Forscher*innen hinsichtlich aktueller Anforderungen an (pr\u00e4analytische) Qualit\u00e4tsstandards<\/li>\n<li>Pathologische Bewertung und Auswahl geeigneter F\u00e4lle<\/li>\n<li>Organisation von Proben-\/Daten\u00fcbertragungen<\/li>\n<\/ul>\n                                <\/div>\r\n                            <\/div>\r\n\r\n                        \r\n                            <div class=\"accordion_bar\">\r\n                                <div class=\"accordion_hlBox fl_between\">\r\n                                    <h4 class=\"accordion_hl text1624\">\r\n                                        Zugeh\u00f6rige Infrastruktur und Ausstattung                                    <\/h4>\r\n                                    <img decoding=\"async\" src=\"https:\/\/bbmri.at\/wp-content\/themes\/bbmri_theme\/img\/svg\/circle_btn_orange_up.svg\" alt=\"Accordion close Icon\" class=\"accordion_icon_orange\">\r\n                                <\/div>\r\n                                <div class=\"accordion_textBox text1624\">\r\n                                    <ul>\n<li>Gemeinsame Nutzung von Biobank-Equipment\/Laborfl\u00e4chen<\/li>\n<li>BSL2-Labor<\/li>\n<li>BSL3-Labor<\/li>\n<li>Verschiedene (lokale) Partner mit spezialisiertem Equipment, Fachkenntnissen und Serviceangeboten (z. B. Core Facilities)<\/li>\n<\/ul>\n                                <\/div>\r\n                            <\/div>\r\n\r\n                        \r\n                            <div class=\"accordion_bar\">\r\n                                <div class=\"accordion_hlBox fl_between\">\r\n                                    <h4 class=\"accordion_hl text1624\">\r\n                                        Beratung zu Themen im Zusammenhang mit Biobanking                                    <\/h4>\r\n                                    <img decoding=\"async\" src=\"https:\/\/bbmri.at\/wp-content\/themes\/bbmri_theme\/img\/svg\/circle_btn_orange_up.svg\" alt=\"Accordion close Icon\" class=\"accordion_icon_orange\">\r\n                                <\/div>\r\n                                <div class=\"accordion_textBox text1624\">\r\n                                    <ul>\n<li>Labormedizin (Auswahl geeigneter Antikoagulanzien, Lagerbedingungen, etc.)<\/li>\n<li>Studiendesign<\/li>\n<li>Qualit\u00e4tsmanagement und Qualit\u00e4tskontrolle<\/li>\n<li>ISO-Standards (und CEN\/TS) im Biobanking<\/li>\n<li>Umsetzung von Standards und SOPs in Biobanking-Prozessen<\/li>\n<li>Datenmanagement<\/li>\n<li>Ethikfragen und rechtliche Fragen<\/li>\n<li>Projektmanagement<\/li>\n<li>Statistik<\/li>\n<li>Budgetierung und Gesch\u00e4ftsplanung<\/li>\n<\/ul>\n                                <\/div>\r\n                            <\/div>\r\n\r\n                        \r\n                            <div class=\"accordion_bar\">\r\n                                <div class=\"accordion_hlBox fl_between\">\r\n                                    <h4 class=\"accordion_hl text1624\">\r\n                                        Dienstleistungen f\u00fcr Spender*innen                                    <\/h4>\r\n                                    <img decoding=\"async\" src=\"https:\/\/bbmri.at\/wp-content\/themes\/bbmri_theme\/img\/svg\/circle_btn_orange_up.svg\" alt=\"Accordion close Icon\" class=\"accordion_icon_orange\">\r\n                                <\/div>\r\n                                <div class=\"accordion_textBox text1624\">\r\n                                    <ul>\n<li>Bearbeitung von R\u00fccknahmen von Einverst\u00e4ndniserkl\u00e4rungen<\/li>\n<li>Biobank F\u00fchrungen vor Ort f\u00fcr die \u00d6ffentlichkeit<\/li>\n<\/ul>\n                                <\/div>\r\n                            <\/div>\r\n\r\n                        \r\n                            <div class=\"accordion_bar\">\r\n                                <div class=\"accordion_hlBox fl_between\">\r\n                                    <h4 class=\"accordion_hl text1624\">\r\n                                        Datenmanagement                                    <\/h4>\r\n                                    <img decoding=\"async\" src=\"https:\/\/bbmri.at\/wp-content\/themes\/bbmri_theme\/img\/svg\/circle_btn_orange_up.svg\" alt=\"Accordion close Icon\" class=\"accordion_icon_orange\">\r\n                                <\/div>\r\n                                <div class=\"accordion_textBox text1624\">\r\n                                    <ul>\n<li>Entwicklung einer Datenbank f\u00fcr Forschungskohorten<\/li>\n<li><a href=\"https:\/\/bbmri.at\/wp-content\/uploads\/2024\/02\/praxishilfe_anonymisierung_pseudonymisierung.pdf\" target=\"_blank\" rel=\"noopener\">Praxishilfe zur Anonymisierung &amp; Pseudonymisierung<\/a><\/li>\n<\/ul>\n                                <\/div>\r\n                            <\/div>\r\n\r\n                        \r\n                            <div class=\"accordion_bar\">\r\n                                <div class=\"accordion_hlBox fl_between\">\r\n                                    <h4 class=\"accordion_hl text1624\">\r\n                                        Services in Verbindung mit Infektionskrankheiten                                     <\/h4>\r\n                                    <img decoding=\"async\" src=\"https:\/\/bbmri.at\/wp-content\/themes\/bbmri_theme\/img\/svg\/circle_btn_orange_up.svg\" alt=\"Accordion close Icon\" class=\"accordion_icon_orange\">\r\n                                <\/div>\r\n                                <div class=\"accordion_textBox text1624\">\r\n                                    <ul>\n<li>Isolierung von Viren, RNA, DNA, Proteinen<\/li>\n<li>Gesamtgenomsequenzierung<\/li>\n<li>Neutralisationstests usw.<\/li>\n<\/ul>\n                                <\/div>\r\n                            <\/div>\r\n\r\n                        \r\n                            <div class=\"accordion_bar\">\r\n                                <div class=\"accordion_hlBox fl_between\">\r\n                                    <h4 class=\"accordion_hl text1624\">\r\n                                        Services in Verbindung mit Krebsforschung                                    <\/h4>\r\n                                    <img decoding=\"async\" src=\"https:\/\/bbmri.at\/wp-content\/themes\/bbmri_theme\/img\/svg\/circle_btn_orange_up.svg\" alt=\"Accordion close Icon\" class=\"accordion_icon_orange\">\r\n                                <\/div>\r\n                                <div class=\"accordion_textBox text1624\">\r\n                                    <ul>\n<li>Gesamtexomsequenzierung<\/li>\n<li>Gesamtgenomsequenzierung<\/li>\n<li>Digitale Pathologie \u2013 Massenscannen f\u00fcr Ganzschnittbilder<\/li>\n<li>Metabolomics<\/li>\n<li>Lipidomics<\/li>\n<li>Isolierung\/Aufbau von patientenabgeleiteten Zelllinien (kurz- und langfristige Kulturen)<\/li>\n<li>Isolierung\/Aufbau von krebsassoziierten Fibroblasten vom gleichen Patienten<\/li>\n<li>Zellkultur-3D-Modelle<\/li>\n<\/ul>\n                                <\/div>\r\n                            <\/div>\r\n\r\n                        \r\n                            <div class=\"accordion_bar\">\r\n                                <div class=\"accordion_hlBox fl_between\">\r\n                                    <h4 class=\"accordion_hl text1624\">\r\n                                        Weitere Services                                     <\/h4>\r\n                                    <img decoding=\"async\" src=\"https:\/\/bbmri.at\/wp-content\/themes\/bbmri_theme\/img\/svg\/circle_btn_orange_up.svg\" alt=\"Accordion close Icon\" class=\"accordion_icon_orange\">\r\n                                <\/div>\r\n                                <div class=\"accordion_textBox text1624\">\r\n                                    <ul>\n<li>Kontakt und Vernetzung mit anderen Biobanken<\/li>\n<li>Ausbildungs- und Schulungskurse f\u00fcr Biobanking<\/li>\n<li>Biobank F\u00fchrungen vor Ort f\u00fcr Experten (z. B. Forscher, \u00c4rzte, Kooperationspartner usw.)<\/li>\n<\/ul>\n                                <\/div>\r\n                            <\/div>\r\n\r\n                                            <\/div>\r\n                            <\/div>\r\n\r\n            <div class=\"contentPart-sidebarDummy\"><\/div>\r\n        <\/div>\r\n    <\/div>\r\n\n\n    <div id=\"single_bigImgblock_137f49e561bbae2b5bdb5b1c6aa23200\" class=\"content-row content-row-single_bigImg\">\r\n        <div class=\"contentPart-main contentPart-main-single_bigImg trans \">\r\n            <div class=\"contentPart_inner\">\r\n                <div class=\"single_bigImg_inner\">\r\n                                        <a  class=\"img_link\" >\r\n                                                                    <img decoding=\"async\" src=\"https:\/\/bbmri.at\/wp-content\/uploads\/2023\/10\/Services-BBMRI-1110x458.png\" alt=\"\" class=\"single_bigImg\">\r\n                                                    <span class=\"img-capt\"><\/span>\r\n                                                                <\/a>\r\n                <\/div>\r\n            <\/div>\r\n            <div class=\"contentPart-sidebarDummy\"><\/div>\r\n\r\n        <\/div>\r\n    <\/div>\r\n\n\n    <div id=\"links_downloadsblock_b0bb23548009f36450495c93a1b722d5\" class=\"content-row content-row-links_downloads  \">\r\n        <div class=\"contentPart-main contentPart-main-links_downloads trans \">\r\n            <div class=\"contentPart_inner contentPart_inner-links_downloads  flex_col\">\r\n                                    <div class=\"linkBox column\">\r\n                                                                                    <div class=\"links_inner\">\r\n                                    <div class=\"btnBox\">\r\n                                        <a href=\"https:\/\/www.bbmri-eric.eu\/services-support\/\" target=\"_blank\" class=\"btnBox_inner_link btnBox_links_inner_left flex\">\r\n                                            <span class=\"main_btn_icon main_btn_icon_links_downloads\"><\/span>\r\n                                            <span class=\"main_btn_icon_hover main_btn_icon_hover_downloads\"><\/span>\r\n                                            <span class=\"main_btn_font btnBox_inner\">Services by BBMRI-ERIC<\/span>\r\n                                        <\/a>\r\n                                    <\/div>\r\n                                <\/div>\r\n                                                                                                                            <\/div>\r\n                \r\n\r\n\r\n                            <\/div>\r\n\r\n            <div class=\"contentPart-sidebarDummy\"><\/div>\r\n\r\n        <\/div>\r\n    <\/div>\r\n","protected":false},"excerpt":{"rendered":"","protected":false},"author":2,"featured_media":0,"parent":5668,"menu_order":4,"comment_status":"closed","ping_status":"closed","template":"","meta":{"_acf_changed":false,"_coblocks_attr":"","_coblocks_dimensions":"","_coblocks_responsive_height":"","_coblocks_accordion_ie_support":"","footnotes":""},"class_list":["post-5894","page","type-page","status-publish","hentry"],"acf":[],"yoast_head":"<!-- This site is optimized with the Yoast SEO plugin v27.4 - https:\/\/yoast.com\/product\/yoast-seo-wordpress\/ -->\n<title>Services - BBMRI.at<\/title>\n<meta name=\"robots\" content=\"index, follow, max-snippet:-1, max-image-preview:large, max-video-preview:-1\" \/>\n<link rel=\"canonical\" href=\"https:\/\/bbmri.at\/de\/fuer-forscherinnen\/services\/\" \/>\n<meta property=\"og:locale\" content=\"de_DE\" \/>\n<meta property=\"og:type\" content=\"article\" \/>\n<meta property=\"og:title\" content=\"Services - BBMRI.at\" \/>\n<meta property=\"og:url\" content=\"https:\/\/bbmri.at\/de\/fuer-forscherinnen\/services\/\" \/>\n<meta property=\"og:site_name\" content=\"BBMRI.at\" \/>\n<meta property=\"article:modified_time\" content=\"2025-10-23T08:23:53+00:00\" \/>\n<meta name=\"twitter:card\" content=\"summary_large_image\" \/>\n<script type=\"application\/ld+json\" class=\"yoast-schema-graph\">{\"@context\":\"https:\\\/\\\/schema.org\",\"@graph\":[{\"@type\":\"WebPage\",\"@id\":\"https:\\\/\\\/bbmri.at\\\/de\\\/fuer-forscherinnen\\\/services\\\/\",\"url\":\"https:\\\/\\\/bbmri.at\\\/de\\\/fuer-forscherinnen\\\/services\\\/\",\"name\":\"Services - BBMRI.at\",\"isPartOf\":{\"@id\":\"https:\\\/\\\/bbmri.at\\\/#website\"},\"datePublished\":\"2023-11-20T13:46:56+00:00\",\"dateModified\":\"2025-10-23T08:23:53+00:00\",\"breadcrumb\":{\"@id\":\"https:\\\/\\\/bbmri.at\\\/de\\\/fuer-forscherinnen\\\/services\\\/#breadcrumb\"},\"inLanguage\":\"de-AT\",\"potentialAction\":[{\"@type\":\"ReadAction\",\"target\":[\"https:\\\/\\\/bbmri.at\\\/de\\\/fuer-forscherinnen\\\/services\\\/\"]}]},{\"@type\":\"BreadcrumbList\",\"@id\":\"https:\\\/\\\/bbmri.at\\\/de\\\/fuer-forscherinnen\\\/services\\\/#breadcrumb\",\"itemListElement\":[{\"@type\":\"ListItem\",\"position\":1,\"name\":\"Startseite\",\"item\":\"https:\\\/\\\/bbmri.at\\\/de\\\/\"},{\"@type\":\"ListItem\",\"position\":2,\"name\":\"F\u00fcr Forscher*innen\",\"item\":\"https:\\\/\\\/bbmri.at\\\/de\\\/fuer-forscherinnen\\\/\"},{\"@type\":\"ListItem\",\"position\":3,\"name\":\"Services\"}]},{\"@type\":\"WebSite\",\"@id\":\"https:\\\/\\\/bbmri.at\\\/#website\",\"url\":\"https:\\\/\\\/bbmri.at\\\/\",\"name\":\"BBMRI.at\",\"description\":\"Biobanking and BioMolecular resources Research Infrastructure Austria\",\"potentialAction\":[{\"@type\":\"SearchAction\",\"target\":{\"@type\":\"EntryPoint\",\"urlTemplate\":\"https:\\\/\\\/bbmri.at\\\/?s={search_term_string}\"},\"query-input\":{\"@type\":\"PropertyValueSpecification\",\"valueRequired\":true,\"valueName\":\"search_term_string\"}}],\"inLanguage\":\"de-AT\"}]}<\/script>\n<!-- \/ Yoast SEO plugin. -->","yoast_head_json":{"title":"Services - BBMRI.at","robots":{"index":"index","follow":"follow","max-snippet":"max-snippet:-1","max-image-preview":"max-image-preview:large","max-video-preview":"max-video-preview:-1"},"canonical":"https:\/\/bbmri.at\/de\/fuer-forscherinnen\/services\/","og_locale":"de_DE","og_type":"article","og_title":"Services - BBMRI.at","og_url":"https:\/\/bbmri.at\/de\/fuer-forscherinnen\/services\/","og_site_name":"BBMRI.at","article_modified_time":"2025-10-23T08:23:53+00:00","twitter_card":"summary_large_image","schema":{"@context":"https:\/\/schema.org","@graph":[{"@type":"WebPage","@id":"https:\/\/bbmri.at\/de\/fuer-forscherinnen\/services\/","url":"https:\/\/bbmri.at\/de\/fuer-forscherinnen\/services\/","name":"Services - BBMRI.at","isPartOf":{"@id":"https:\/\/bbmri.at\/#website"},"datePublished":"2023-11-20T13:46:56+00:00","dateModified":"2025-10-23T08:23:53+00:00","breadcrumb":{"@id":"https:\/\/bbmri.at\/de\/fuer-forscherinnen\/services\/#breadcrumb"},"inLanguage":"de-AT","potentialAction":[{"@type":"ReadAction","target":["https:\/\/bbmri.at\/de\/fuer-forscherinnen\/services\/"]}]},{"@type":"BreadcrumbList","@id":"https:\/\/bbmri.at\/de\/fuer-forscherinnen\/services\/#breadcrumb","itemListElement":[{"@type":"ListItem","position":1,"name":"Startseite","item":"https:\/\/bbmri.at\/de\/"},{"@type":"ListItem","position":2,"name":"F\u00fcr Forscher*innen","item":"https:\/\/bbmri.at\/de\/fuer-forscherinnen\/"},{"@type":"ListItem","position":3,"name":"Services"}]},{"@type":"WebSite","@id":"https:\/\/bbmri.at\/#website","url":"https:\/\/bbmri.at\/","name":"BBMRI.at","description":"Biobanking and BioMolecular resources Research Infrastructure Austria","potentialAction":[{"@type":"SearchAction","target":{"@type":"EntryPoint","urlTemplate":"https:\/\/bbmri.at\/?s={search_term_string}"},"query-input":{"@type":"PropertyValueSpecification","valueRequired":true,"valueName":"search_term_string"}}],"inLanguage":"de-AT"}]}},"_links":{"self":[{"href":"https:\/\/bbmri.at\/de\/wp-json\/wp\/v2\/pages\/5894","targetHints":{"allow":["GET"]}}],"collection":[{"href":"https:\/\/bbmri.at\/de\/wp-json\/wp\/v2\/pages"}],"about":[{"href":"https:\/\/bbmri.at\/de\/wp-json\/wp\/v2\/types\/page"}],"author":[{"embeddable":true,"href":"https:\/\/bbmri.at\/de\/wp-json\/wp\/v2\/users\/2"}],"replies":[{"embeddable":true,"href":"https:\/\/bbmri.at\/de\/wp-json\/wp\/v2\/comments?post=5894"}],"version-history":[{"count":5,"href":"https:\/\/bbmri.at\/de\/wp-json\/wp\/v2\/pages\/5894\/revisions"}],"predecessor-version":[{"id":15561,"href":"https:\/\/bbmri.at\/de\/wp-json\/wp\/v2\/pages\/5894\/revisions\/15561"}],"up":[{"embeddable":true,"href":"https:\/\/bbmri.at\/de\/wp-json\/wp\/v2\/pages\/5668"}],"wp:attachment":[{"href":"https:\/\/bbmri.at\/de\/wp-json\/wp\/v2\/media?parent=5894"}],"curies":[{"name":"wp","href":"https:\/\/api.w.org\/{rel}","templated":true}]}}