{"id":5668,"date":"2023-11-20T14:24:54","date_gmt":"2023-11-20T13:24:54","guid":{"rendered":"https:\/\/bbmri.at\/?page_id=5668"},"modified":"2026-03-12T15:24:13","modified_gmt":"2026-03-12T14:24:13","slug":"fuer-forscherinnen","status":"publish","type":"page","link":"https:\/\/bbmri.at\/de\/fuer-forscherinnen\/","title":{"rendered":"F\u00fcr Forscher*innen"},"content":{"rendered":"    <div id=\"main_textblock_17e2b717d7ef58efc23849b4872dd2fb\" class=\"content-row content-row-main_text\">\n        <div class=\"contentPart-main contentPart-main-main_text trans \">\n            <div class=\"contentPart_inner\">\n                \n                                    <h1 class=\"heading_main_txt HL_main\">\n                        \u00d6sterreichische Biobanken &amp; Probensammlungen                     <\/h1>\n                \n                                    <h3 class=\"subheading_main_txt HL_sub\">\n                        BBMRI.at legt Wert auf die weitere Vernetzung zwischen Industrie und Wissenschaft sowie auf Proben- und Datenqualit\u00e4t. Ziel ist es, den Zugang zu Proben\/Daten\/Dienstleistungen von Biobanken zu erleichtern und Forschungskooperationen mit Proben\/Daten und Know-how aus Biobanken zu f\u00f6rdern.                    <\/h3>\n                \n                                    <div class=\"text_main_text text1624 main_text_margin\">\n                        <p>BBMRI.at-Partner beherbergen international herausragende Biobanksammlungen (\u201eLeuchtturmsammlungen\u201c), bieten zahlreiche Services an und unterst\u00fctzen Forscher*innen mit ihrer Expertise.<\/p>\n                    <\/div>\n                \n                            <\/div>\n\n\n\n            <div class=\"contentPart-sidebarDummy\"><\/div>\n        <\/div>\n\n    <\/div>\n\n\n    <div id=\"bannerblock_2cc283793542dd8252a44d8244990a73\" class=\"content-row content-row-banner\">\r\n        <div class=\"contentPart-main contentPart-main-banner trans   flex\">\r\n            <div class=\"contentPart_inner\">\r\n                <div class=\"bannerBox\">\r\n                    <div class=\"banner_inner\">\r\n\r\n                        <h2 class=\"HL_banner\">\r\n                            Suchen Sie nach Proben, Daten und Dienstleistungen f\u00fcr Ihre Forschung?                        <\/h2>\r\n\r\n                        <div class=\"text_banner text1624\">\r\n                            Durchsuchen Sie alle BBMRI-ERIC-Biobanken nach Proben, Daten und Dienstleistungen im BBMRI-ERIC Directory, nutzen Sie die Locator und Finder Werkzeuge, um Ihre Suchergebnisse nach Proben- und Spenderkriterien zu filtern und fragen Sie Proben und Datens\u00e4tze \u00fcber den BBMRI-ERIC Negotiator an.                        <\/div>\r\n\r\n                        <div class=\"btnBox btnBox_banner\">\r\n                                                    <a href=\"https:\/\/www.bbmri-eric.eu\/bbmri-sample-and-data-portal\/\" target=\"_blank\" class=\"btnBox_inner_link fl_center_vr\">\r\n                                <span class=\"main_btn_icon\"><\/span>\r\n                                <span class=\"main_btn_icon_hover\"><\/span>\r\n                                <span class=\"main_btn_font btnBox_inner\">BBMRI-ERIC Sample &amp; Data Portal \u00f6ffnen<\/span>\r\n                            <\/a>\r\n                                                <\/div>\r\n\r\n                    <\/div>\r\n                    <span class=\"banner_logo\"><\/span>\r\n                <\/div>\r\n            <\/div>\r\n            <div class=\"contentPart-sidebarDummy\"><\/div>\r\n        <\/div>\r\n    <\/div>\r\n\n\n    <div id=\"seperatorblock_fabb9654b8785d2a424f91b20286cc3d\" class=\"content-row content-row-seperator\">\r\n        <div class=\"contentPart-main contentPart-main-seperator trans \">\r\n\r\n            <div class=\"contentPart_inner\">\r\n                <div class=\"hr\"><\/div>\r\n            <\/div>\r\n            <div class=\"contentPart-sidebarDummy\"><\/div>\r\n        <\/div>\r\n    <\/div>\r\n\n\n    <div id=\"plain_textfieldblock_452c0d61bb72813c416cb3a0ba5230d2\" class=\"content-row content-row-plain_textfield\">\r\n        <div class=\"contentPart contentPart-main contentPart-main-plain_textfield trans  \">\r\n            <div class=\"contentPart_inner\">\r\n                                    <div class=\"plain_textfield text1624 \">\r\n                        <pre>Oder kontaktieren Sie uns \u00fcber E-Mail oder Telefon - Wir werden uns mit allen unseren \u00f6sterreichischen Partnerbiobanken f\u00fcr Sie in Verbindung setzen.<\/pre>\n<p>&nbsp;<\/p>\n<p>Die BBMRI.at-Biobankenpartner sind: Biobank Graz (Medizinische Universit\u00e4t Graz), MedUni Wien Biobank (MedUni Wien), Biobank Innsbruck (MedUni Innsbruck) und die VetBioBank (Veterin\u00e4rmedizinische Universit\u00e4t Wien).<\/p>\n                    <\/div>\r\n                            <\/div>\r\n            <div class=\"contentPart-sidebarDummy\"><\/div>\r\n\r\n        <\/div>\r\n    <\/div>\r\n\n\n    <div id=\"bannerblock_c2b5caec472cc8eedfb8463b84ed9c92\" class=\"content-row content-row-banner\">\r\n        <div class=\"contentPart-main contentPart-main-banner trans   flex\">\r\n            <div class=\"contentPart_inner\">\r\n                <div class=\"bannerBox\">\r\n                    <div class=\"banner_inner\">\r\n\r\n                        <h2 class=\"HL_banner\">\r\n                            Schicken Sie uns Ihre Anfrage                        <\/h2>\r\n\r\n                        <div class=\"text_banner text1624\">\r\n                            Hinterlassen Sie uns eine Nachricht und fragen Sie Proben und Daten aus den Biobanken, Dienstleistungen oder Forschungskooperationen an.                        <\/div>\r\n\r\n                        <div class=\"btnBox btnBox_banner\">\r\n                                                    <a href=\"mailto:contact@bbmri.at\" target=\"_self\" class=\"btnBox_inner_link fl_center_vr\">\r\n                                <span class=\"main_btn_icon\"><\/span>\r\n                                <span class=\"main_btn_icon_hover\"><\/span>\r\n                                <span class=\"main_btn_font btnBox_inner\">contact@bbmri.at (Kontaktperson: Cornelia Stumptner, BBMRI.at, Tel.: +43 699 9687702)<\/span>\r\n                            <\/a>\r\n                                                <\/div>\r\n\r\n                    <\/div>\r\n                    <span class=\"banner_logo\"><\/span>\r\n                <\/div>\r\n            <\/div>\r\n            <div class=\"contentPart-sidebarDummy\"><\/div>\r\n        <\/div>\r\n    <\/div>\r\n\n\n    <div id=\"seperatorblock_fabb9654b8785d2a424f91b20286cc3d\" class=\"content-row content-row-seperator\">\r\n        <div class=\"contentPart-main contentPart-main-seperator trans \">\r\n\r\n            <div class=\"contentPart_inner\">\r\n                <div class=\"hr\"><\/div>\r\n            <\/div>\r\n            <div class=\"contentPart-sidebarDummy\"><\/div>\r\n        <\/div>\r\n    <\/div>\r\n\n\n    <div id=\"plain_textfieldblock_acc4e5d76c1cc084db93b1b5033d122c\" class=\"content-row content-row-plain_textfield\">\r\n        <div class=\"contentPart contentPart-main contentPart-main-plain_textfield trans  \">\r\n            <div class=\"contentPart_inner\">\r\n                                    <div class=\"plain_textfield text1624 \">\r\n                        <p>Anleitungen f\u00fcr Biobanken von Nicht-BBMRI-ERIC-Mitgliedern zur Registrierung im BBMRI-Verzeichnis und -Negotiator finden Sie im Video &#8222;<a href=\"https:\/\/www.youtube.com\/watch?v=wKOl9EqMkoo\">Anmeldung beim BBMRI ERIC Directory &amp; Negotiator<\/a>&#8222;.<\/p>\n                    <\/div>\r\n                            <\/div>\r\n            <div class=\"contentPart-sidebarDummy\"><\/div>\r\n\r\n        <\/div>\r\n    <\/div>\r\n\n\n    <div id=\"bannerblock_f80bb0fe69cd0aa1f575ea6ae5da2cc0\" class=\"content-row content-row-banner\">\r\n        <div class=\"contentPart-main contentPart-main-banner trans   flex\">\r\n            <div class=\"contentPart_inner\">\r\n                <div class=\"bannerBox\">\r\n                    <div class=\"banner_inner\">\r\n\r\n                        <h2 class=\"HL_banner\">\r\n                            M\u00f6chten Sie Ihre Probensammlung im BBMRI-ERIC Verzeichnis auflisten?                         <\/h2>\r\n\r\n                        <div class=\"text_banner text1624\">\r\n                            F\u00fcr Biobanken in BBMRI.at und anderen BBMRI-ERIC National Nodes.                        <\/div>\r\n\r\n                        <div class=\"btnBox btnBox_banner\">\r\n                                                    <a href=\"https:\/\/directory.bbmri-eric.eu\/ERIC\/directory\/#\/catalogue\" target=\"_blank\" class=\"btnBox_inner_link fl_center_vr\">\r\n                                <span class=\"main_btn_icon\"><\/span>\r\n                                <span class=\"main_btn_icon_hover\"><\/span>\r\n                                <span class=\"main_btn_font btnBox_inner\">Anleitung (auf Englisch)<\/span>\r\n                            <\/a>\r\n                                                <\/div>\r\n\r\n                    <\/div>\r\n                    <span class=\"banner_logo\"><\/span>\r\n                <\/div>\r\n            <\/div>\r\n            <div class=\"contentPart-sidebarDummy\"><\/div>\r\n        <\/div>\r\n    <\/div>\r\n\n\n    <div id=\"single_headingblock_779883818520b52a498e4b698d83be93\" class=\"content-row content-row-single_heading\">\r\n        <div class=\"contentPart-main contentPart-main-single_heading trans \">\r\n            <div class=\"contentPart_inner\">\r\n                                    <div class=\"single_heading HL_main \">\r\n                        Zugang zu Proben &amp; Daten                    <\/div>\r\n                            <\/div>\r\n\r\n            <div class=\"contentPart-sidebarDummy\"><\/div>\r\n        <\/div>\r\n    <\/div>\r\n\n\n    <div id=\"plain_textfieldblock_45c44e4d6284de7a31ac5fdc97ef06a8\" class=\"content-row content-row-plain_textfield\">\r\n        <div class=\"contentPart contentPart-main contentPart-main-plain_textfield trans  \">\r\n            <div class=\"contentPart_inner\">\r\n                                    <div class=\"plain_textfield text1624 \">\r\n                        <p>BBMRI.at-Partnerbiobanken haben ein gemeinsames Zugangsverfahren etabliert, das alle Schritte im Prozess von der ersten Anfrage bis zum Zugriff auf Proben, Daten und Dienstleistungen definiert.<\/p>\n                    <\/div>\r\n                            <\/div>\r\n            <div class=\"contentPart-sidebarDummy\"><\/div>\r\n\r\n        <\/div>\r\n    <\/div>\r\n\n\n    <div id=\"page_link_previewblock_e2035a3b623362ea572d1547612bcfb4\" class=\"content-row content-row-page_link_preview\">\r\n        <div class=\"contentPart-main contentPart-main-page_link_preview trans flex \">\r\n            <div class=\"contentPart_inner contentPart_inner_page_preview flex\">\r\n                                    \r\n                                                    <a class=\"previewBox_link\" href=\"https:\/\/bbmri.at\/wp-content\/uploads\/2024\/04\/BBMRI.at-Flyer-for-Researchers_all-partbers.pdf\" target=\"_blank\">\r\n\r\n                                <div class=\"previewBox\">\r\n                                    <div class=\"imgBox_page_preview trans\">\r\n                                                                                                                                <img decoding=\"async\" src=\"https:\/\/bbmri.at\/wp-content\/uploads\/2023\/11\/Access-to-biobanks-4.jpg\" alt=\"\" class=\"img_page_preview\">\r\n                                                                            <\/div>\r\n\r\n                                    <div class=\"titleBox_preview fl_between\">\r\n                                        <h3 class=\"title_previewBox HL_three\">\r\n                                            Informationen \u00fcber den Zugang zu Proben &amp; Daten                                        <\/h3>\r\n                                        <div class=\"btn_box fl_center\">\r\n                                            <span class=\"preview_btn_icon\"><\/span>\r\n                                            <span class=\"preview_btn_icon_hover\"><\/span>\r\n                                        <\/div>\r\n                                    <\/div>\r\n                                <\/div>\r\n\r\n                            <\/a>\r\n                        \r\n                    \r\n                                                    <a class=\"previewBox_link\" href=\"https:\/\/bbmri.at\/wp-content\/uploads\/2023\/11\/WP5_Common-basic-access-standard-VersionNov21-1.pdf\" target=\"_blank\">\r\n\r\n                                <div class=\"previewBox\">\r\n                                    <div class=\"imgBox_page_preview trans\">\r\n                                                                                                                                <img decoding=\"async\" src=\"https:\/\/bbmri.at\/wp-content\/uploads\/2023\/11\/BBMRI.at-Common-Biobank-Access-Procedure_Policy-1-1024x574.png\" alt=\"\" class=\"img_page_preview\">\r\n                                                                            <\/div>\r\n\r\n                                    <div class=\"titleBox_preview fl_between\">\r\n                                        <h3 class=\"title_previewBox HL_three\">\r\n                                            Gemeinsames Schema f\u00fcr den Zugang zu Proben &amp; Daten                                        <\/h3>\r\n                                        <div class=\"btn_box fl_center\">\r\n                                            <span class=\"preview_btn_icon\"><\/span>\r\n                                            <span class=\"preview_btn_icon_hover\"><\/span>\r\n                                        <\/div>\r\n                                    <\/div>\r\n                                <\/div>\r\n\r\n                            <\/a>\r\n                        \r\n                                                <\/div>\r\n            <div class=\"contentPart-sidebarDummy\"><\/div>\r\n        <\/div>\r\n    <\/div>\r\n\n\n    <div id=\"single_imgblock_b48121b0e5df5f295b677af805d18898\" class=\"content-row content-row-single_img\">\r\n        <div class=\"contentPart-main contentPart-main-single_img trans \">\r\n            <div class=\"contentPart_inner\">\r\n                <div class=\"single_img_inner\">\r\n                                        <a  class=\"img_link\" >\r\n                                                                    <img decoding=\"async\" src=\"https:\/\/bbmri.at\/wp-content\/uploads\/2023\/11\/For-researchers-Bilderreihe.png\" alt=\"\" class=\"single_img\">\r\n                                                    <span class=\"img-capt\"><\/span>\r\n                                                                <\/a>\r\n                <\/div>\r\n            <\/div>\r\n            <div class=\"contentPart-sidebarDummy\"><\/div>\r\n\r\n        <\/div>\r\n    <\/div>\r\n","protected":false},"excerpt":{"rendered":"","protected":false},"author":2,"featured_media":0,"parent":0,"menu_order":2,"comment_status":"closed","ping_status":"closed","template":"","meta":{"_acf_changed":false,"_coblocks_attr":"","_coblocks_dimensions":"","_coblocks_responsive_height":"","_coblocks_accordion_ie_support":"","footnotes":""},"class_list":["post-5668","page","type-page","status-publish","hentry"],"acf":[],"yoast_head":"<!-- This site is optimized with the Yoast SEO plugin v27.4 - https:\/\/yoast.com\/product\/yoast-seo-wordpress\/ -->\n<title>F\u00fcr Forscher*innen - BBMRI.at<\/title>\n<meta name=\"robots\" content=\"index, follow, max-snippet:-1, max-image-preview:large, max-video-preview:-1\" \/>\n<link rel=\"canonical\" href=\"https:\/\/bbmri.at\/de\/fuer-forscherinnen\/\" \/>\n<meta property=\"og:locale\" content=\"de_DE\" \/>\n<meta property=\"og:type\" content=\"article\" \/>\n<meta property=\"og:title\" content=\"F\u00fcr Forscher*innen - BBMRI.at\" \/>\n<meta property=\"og:url\" content=\"https:\/\/bbmri.at\/de\/fuer-forscherinnen\/\" \/>\n<meta property=\"og:site_name\" content=\"BBMRI.at\" \/>\n<meta property=\"article:modified_time\" content=\"2026-03-12T14:24:13+00:00\" \/>\n<meta name=\"twitter:card\" content=\"summary_large_image\" \/>\n<script type=\"application\/ld+json\" class=\"yoast-schema-graph\">{\"@context\":\"https:\\\/\\\/schema.org\",\"@graph\":[{\"@type\":\"WebPage\",\"@id\":\"https:\\\/\\\/bbmri.at\\\/de\\\/fuer-forscherinnen\\\/\",\"url\":\"https:\\\/\\\/bbmri.at\\\/de\\\/fuer-forscherinnen\\\/\",\"name\":\"F\u00fcr Forscher*innen - BBMRI.at\",\"isPartOf\":{\"@id\":\"https:\\\/\\\/bbmri.at\\\/#website\"},\"datePublished\":\"2023-11-20T13:24:54+00:00\",\"dateModified\":\"2026-03-12T14:24:13+00:00\",\"breadcrumb\":{\"@id\":\"https:\\\/\\\/bbmri.at\\\/de\\\/fuer-forscherinnen\\\/#breadcrumb\"},\"inLanguage\":\"de-AT\",\"potentialAction\":[{\"@type\":\"ReadAction\",\"target\":[\"https:\\\/\\\/bbmri.at\\\/de\\\/fuer-forscherinnen\\\/\"]}]},{\"@type\":\"BreadcrumbList\",\"@id\":\"https:\\\/\\\/bbmri.at\\\/de\\\/fuer-forscherinnen\\\/#breadcrumb\",\"itemListElement\":[{\"@type\":\"ListItem\",\"position\":1,\"name\":\"Startseite\",\"item\":\"https:\\\/\\\/bbmri.at\\\/de\\\/\"},{\"@type\":\"ListItem\",\"position\":2,\"name\":\"F\u00fcr Forscher*innen\"}]},{\"@type\":\"WebSite\",\"@id\":\"https:\\\/\\\/bbmri.at\\\/#website\",\"url\":\"https:\\\/\\\/bbmri.at\\\/\",\"name\":\"BBMRI.at\",\"description\":\"Biobanking and BioMolecular resources Research Infrastructure Austria\",\"potentialAction\":[{\"@type\":\"SearchAction\",\"target\":{\"@type\":\"EntryPoint\",\"urlTemplate\":\"https:\\\/\\\/bbmri.at\\\/?s={search_term_string}\"},\"query-input\":{\"@type\":\"PropertyValueSpecification\",\"valueRequired\":true,\"valueName\":\"search_term_string\"}}],\"inLanguage\":\"de-AT\"}]}<\/script>\n<!-- \/ Yoast SEO plugin. -->","yoast_head_json":{"title":"F\u00fcr Forscher*innen - BBMRI.at","robots":{"index":"index","follow":"follow","max-snippet":"max-snippet:-1","max-image-preview":"max-image-preview:large","max-video-preview":"max-video-preview:-1"},"canonical":"https:\/\/bbmri.at\/de\/fuer-forscherinnen\/","og_locale":"de_DE","og_type":"article","og_title":"F\u00fcr Forscher*innen - BBMRI.at","og_url":"https:\/\/bbmri.at\/de\/fuer-forscherinnen\/","og_site_name":"BBMRI.at","article_modified_time":"2026-03-12T14:24:13+00:00","twitter_card":"summary_large_image","schema":{"@context":"https:\/\/schema.org","@graph":[{"@type":"WebPage","@id":"https:\/\/bbmri.at\/de\/fuer-forscherinnen\/","url":"https:\/\/bbmri.at\/de\/fuer-forscherinnen\/","name":"F\u00fcr Forscher*innen - BBMRI.at","isPartOf":{"@id":"https:\/\/bbmri.at\/#website"},"datePublished":"2023-11-20T13:24:54+00:00","dateModified":"2026-03-12T14:24:13+00:00","breadcrumb":{"@id":"https:\/\/bbmri.at\/de\/fuer-forscherinnen\/#breadcrumb"},"inLanguage":"de-AT","potentialAction":[{"@type":"ReadAction","target":["https:\/\/bbmri.at\/de\/fuer-forscherinnen\/"]}]},{"@type":"BreadcrumbList","@id":"https:\/\/bbmri.at\/de\/fuer-forscherinnen\/#breadcrumb","itemListElement":[{"@type":"ListItem","position":1,"name":"Startseite","item":"https:\/\/bbmri.at\/de\/"},{"@type":"ListItem","position":2,"name":"F\u00fcr Forscher*innen"}]},{"@type":"WebSite","@id":"https:\/\/bbmri.at\/#website","url":"https:\/\/bbmri.at\/","name":"BBMRI.at","description":"Biobanking and BioMolecular resources Research Infrastructure Austria","potentialAction":[{"@type":"SearchAction","target":{"@type":"EntryPoint","urlTemplate":"https:\/\/bbmri.at\/?s={search_term_string}"},"query-input":{"@type":"PropertyValueSpecification","valueRequired":true,"valueName":"search_term_string"}}],"inLanguage":"de-AT"}]}},"_links":{"self":[{"href":"https:\/\/bbmri.at\/de\/wp-json\/wp\/v2\/pages\/5668","targetHints":{"allow":["GET"]}}],"collection":[{"href":"https:\/\/bbmri.at\/de\/wp-json\/wp\/v2\/pages"}],"about":[{"href":"https:\/\/bbmri.at\/de\/wp-json\/wp\/v2\/types\/page"}],"author":[{"embeddable":true,"href":"https:\/\/bbmri.at\/de\/wp-json\/wp\/v2\/users\/2"}],"replies":[{"embeddable":true,"href":"https:\/\/bbmri.at\/de\/wp-json\/wp\/v2\/comments?post=5668"}],"version-history":[{"count":17,"href":"https:\/\/bbmri.at\/de\/wp-json\/wp\/v2\/pages\/5668\/revisions"}],"predecessor-version":[{"id":16772,"href":"https:\/\/bbmri.at\/de\/wp-json\/wp\/v2\/pages\/5668\/revisions\/16772"}],"wp:attachment":[{"href":"https:\/\/bbmri.at\/de\/wp-json\/wp\/v2\/media?parent=5668"}],"curies":[{"name":"wp","href":"https:\/\/api.w.org\/{rel}","templated":true}]}}