{"id":5660,"date":"2023-11-16T13:05:29","date_gmt":"2023-11-16T12:05:29","guid":{"rendered":"https:\/\/bbmri.at\/?page_id=5660"},"modified":"2024-02-20T15:21:09","modified_gmt":"2024-02-20T14:21:09","slug":"partner","status":"publish","type":"page","link":"https:\/\/bbmri.at\/de\/start\/partner\/","title":{"rendered":"Partner"},"content":{"rendered":"    <div id=\"main_textblock_0c0a588fb99e655576dd7d7338540985\" class=\"content-row content-row-main_text\">\n        <div class=\"contentPart-main contentPart-main-main_text trans \">\n            <div class=\"contentPart_inner\">\n                \n                                    <h1 class=\"heading_main_txt HL_main\">\n                        Partner                    <\/h1>\n                \n                                    <h3 class=\"subheading_main_txt HL_sub\">\n                        \u00dcbersicht \u00fcber die Kooperations- und Gr\u00fcndungspartner von BBMRI.at                    <\/h3>\n                \n                \n                            <\/div>\n\n\n\n            <div class=\"contentPart-sidebarDummy\"><\/div>\n        <\/div>\n\n    <\/div>\n\n\n    <div id=\"img_wideblock_f70f92b06369ba04a2495980493707e8\" class=\"content-row content-row-img_wide\">\r\n        <div class=\" contentPart-main contentPart-main-img_wide trans  \">\r\n            <div class=\"contentPart_inner\">\r\n                                <a  class=\"img_link\" >\r\n                                        <img decoding=\"async\" src=\"https:\/\/bbmri.at\/wp-content\/uploads\/2023\/11\/BBMRI.at-3-partner-1.jpg\" alt=\"\" class=\"contentwidth_img\">\r\n                                            <span class=\"img-capt\"><\/span>\r\n                                    <\/a>\r\n            <\/div>\r\n            <div class=\"contentPart-sidebarDummy\"><\/div>\r\n        <\/div>\r\n    <\/div>\r\n\n\n    <div id=\"single_headingblock_cd89d2f4c0da99b184469a089a137947\" class=\"content-row content-row-single_heading\">\r\n        <div class=\"contentPart-main contentPart-main-single_heading trans \">\r\n            <div class=\"contentPart_inner\">\r\n                                    <div class=\"single_heading HL_main \">\r\n                        Weitere Informationen \u00fcber BBMRI.at Partner und Biobanken                    <\/div>\r\n                            <\/div>\r\n\r\n            <div class=\"contentPart-sidebarDummy\"><\/div>\r\n        <\/div>\r\n    <\/div>\r\n\n\n    <div id=\"page_link_previewblock_bf3bfb7448759abda1a8281d6b837943\" class=\"content-row content-row-page_link_preview\">\r\n        <div class=\"contentPart-main contentPart-main-page_link_preview trans flex \">\r\n            <div class=\"contentPart_inner contentPart_inner_page_preview flex\">\r\n                                    \r\n                                                    <a class=\"previewBox_link\" href=\"https:\/\/bbmri.at\/de\/news-articles\/medizinische-universitaet-graz-biobank-graz-und-bbmri-at-koordination-df-institut-fuer-pathologie\/\" target=\"_blank\">\r\n\r\n                                <div class=\"previewBox\">\r\n                                    <div class=\"imgBox_page_preview trans\">\r\n                                                                                                                                <img decoding=\"async\" src=\"https:\/\/bbmri.at\/wp-content\/uploads\/2023\/09\/MUG.jpg\" alt=\"\" class=\"img_page_preview\">\r\n                                                                            <\/div>\r\n\r\n                                    <div class=\"titleBox_preview fl_between\">\r\n                                        <h3 class=\"title_previewBox HL_three\">\r\n                                            Medizinische Universit\u00e4t Graz und Biobank                                        <\/h3>\r\n                                        <div class=\"btn_box fl_center\">\r\n                                            <span class=\"preview_btn_icon\"><\/span>\r\n                                            <span class=\"preview_btn_icon_hover\"><\/span>\r\n                                        <\/div>\r\n                                    <\/div>\r\n                                <\/div>\r\n\r\n                            <\/a>\r\n                        \r\n                    \r\n                                                    <a class=\"previewBox_link\" href=\"https:\/\/bbmri.at\/de\/news-articles\/medizinische-universitaet-wien-meduni-wien-biobank\/\" target=\"_blank\">\r\n\r\n                                <div class=\"previewBox\">\r\n                                    <div class=\"imgBox_page_preview trans\">\r\n                                                                                                                                <img decoding=\"async\" src=\"https:\/\/bbmri.at\/wp-content\/uploads\/2023\/09\/MUV.png\" alt=\"\" class=\"img_page_preview\">\r\n                                                                            <\/div>\r\n\r\n                                    <div class=\"titleBox_preview fl_between\">\r\n                                        <h3 class=\"title_previewBox HL_three\">\r\n                                            Medizinische Universit\u00e4t Wien und MedUni Wien Biobank                                        <\/h3>\r\n                                        <div class=\"btn_box fl_center\">\r\n                                            <span class=\"preview_btn_icon\"><\/span>\r\n                                            <span class=\"preview_btn_icon_hover\"><\/span>\r\n                                        <\/div>\r\n                                    <\/div>\r\n                                <\/div>\r\n\r\n                            <\/a>\r\n                        \r\n                    \r\n                                                    <a class=\"previewBox_link\" href=\"https:\/\/bbmri.at\/de\/news-articles\/medizinische-universitaet-innsbruck-biobank-innsbruck\/\" target=\"_blank\">\r\n\r\n                                <div class=\"previewBox\">\r\n                                    <div class=\"imgBox_page_preview trans\">\r\n                                                                                                                                <img decoding=\"async\" src=\"https:\/\/bbmri.at\/wp-content\/uploads\/2022\/11\/MUI-logo-1.jpeg\" alt=\"\" class=\"img_page_preview\">\r\n                                                                            <\/div>\r\n\r\n                                    <div class=\"titleBox_preview fl_between\">\r\n                                        <h3 class=\"title_previewBox HL_three\">\r\n                                            Medizinische Universit\u00e4t Innsbruck und Biobank Innsbruck                                        <\/h3>\r\n                                        <div class=\"btn_box fl_center\">\r\n                                            <span class=\"preview_btn_icon\"><\/span>\r\n                                            <span class=\"preview_btn_icon_hover\"><\/span>\r\n                                        <\/div>\r\n                                    <\/div>\r\n                                <\/div>\r\n\r\n                            <\/a>\r\n                        \r\n                    \r\n                                                    <a class=\"previewBox_link\" href=\"https:\/\/bbmri.at\/de\/news-articles\/veterinaermedizinische-universitaet-wien-vetbiobank\/\" target=\"_blank\">\r\n\r\n                                <div class=\"previewBox\">\r\n                                    <div class=\"imgBox_page_preview trans\">\r\n                                                                                                                                <img decoding=\"async\" src=\"https:\/\/bbmri.at\/wp-content\/uploads\/2018\/12\/Vetmed-Logo-neu.jpg\" alt=\"\" class=\"img_page_preview\">\r\n                                                                            <\/div>\r\n\r\n                                    <div class=\"titleBox_preview fl_between\">\r\n                                        <h3 class=\"title_previewBox HL_three\">\r\n                                            Veterin\u00e4rmedizinische Universit\u00e4t und VetBioBank                                        <\/h3>\r\n                                        <div class=\"btn_box fl_center\">\r\n                                            <span class=\"preview_btn_icon\"><\/span>\r\n                                            <span class=\"preview_btn_icon_hover\"><\/span>\r\n                                        <\/div>\r\n                                    <\/div>\r\n                                <\/div>\r\n\r\n                            <\/a>\r\n                        \r\n                    \r\n                                                    <a class=\"previewBox_link\" href=\"https:\/\/bbmri.at\/de\/news-articles\/johannes-kepler-universitaet-linz\/\" target=\"_blank\">\r\n\r\n                                <div class=\"previewBox\">\r\n                                    <div class=\"imgBox_page_preview trans\">\r\n                                                                                                                                <img decoding=\"async\" src=\"https:\/\/bbmri.at\/wp-content\/uploads\/2023\/09\/JKU-logo.png\" alt=\"\" class=\"img_page_preview\">\r\n                                                                            <\/div>\r\n\r\n                                    <div class=\"titleBox_preview fl_between\">\r\n                                        <h3 class=\"title_previewBox HL_three\">\r\n                                            Johannes Kepler Universit\u00e4t, Linz                                        <\/h3>\r\n                                        <div class=\"btn_box fl_center\">\r\n                                            <span class=\"preview_btn_icon\"><\/span>\r\n                                            <span class=\"preview_btn_icon_hover\"><\/span>\r\n                                        <\/div>\r\n                                    <\/div>\r\n                                <\/div>\r\n\r\n                            <\/a>\r\n                        \r\n                    \r\n                                                    <a class=\"previewBox_link\" href=\"https:\/\/bbmri.at\/de\/news-articles\/universitaet-wien\/\" target=\"_blank\">\r\n\r\n                                <div class=\"previewBox\">\r\n                                    <div class=\"imgBox_page_preview trans\">\r\n                                                                                                                                <img decoding=\"async\" src=\"https:\/\/bbmri.at\/wp-content\/uploads\/2018\/12\/UniVie-logo.png\" alt=\"\" class=\"img_page_preview\">\r\n                                                                            <\/div>\r\n\r\n                                    <div class=\"titleBox_preview fl_between\">\r\n                                        <h3 class=\"title_previewBox HL_three\">\r\n                                            Universit\u00e4t Wien                                        <\/h3>\r\n                                        <div class=\"btn_box fl_center\">\r\n                                            <span class=\"preview_btn_icon\"><\/span>\r\n                                            <span class=\"preview_btn_icon_hover\"><\/span>\r\n                                        <\/div>\r\n                                    <\/div>\r\n                                <\/div>\r\n\r\n                            <\/a>\r\n                        \r\n                                                <\/div>\r\n            <div class=\"contentPart-sidebarDummy\"><\/div>\r\n        <\/div>\r\n    <\/div>\r\n","protected":false},"excerpt":{"rendered":"","protected":false},"author":2,"featured_media":0,"parent":626,"menu_order":4,"comment_status":"closed","ping_status":"closed","template":"","meta":{"_acf_changed":false,"_coblocks_attr":"","_coblocks_dimensions":"","_coblocks_responsive_height":"","_coblocks_accordion_ie_support":"","footnotes":""},"class_list":["post-5660","page","type-page","status-publish","hentry"],"acf":[],"yoast_head":"<!-- This site is optimized with the Yoast SEO plugin v27.6 - https:\/\/yoast.com\/product\/yoast-seo-wordpress\/ -->\n<title>Partner - BBMRI.at<\/title>\n<meta name=\"robots\" content=\"index, follow, max-snippet:-1, max-image-preview:large, max-video-preview:-1\" \/>\n<link rel=\"canonical\" href=\"https:\/\/bbmri.at\/de\/start\/partner\/\" \/>\n<meta property=\"og:locale\" content=\"de_DE\" \/>\n<meta property=\"og:type\" content=\"article\" \/>\n<meta property=\"og:title\" content=\"Partner - BBMRI.at\" \/>\n<meta property=\"og:url\" content=\"https:\/\/bbmri.at\/de\/start\/partner\/\" \/>\n<meta property=\"og:site_name\" content=\"BBMRI.at\" \/>\n<meta property=\"article:modified_time\" content=\"2024-02-20T14:21:09+00:00\" \/>\n<meta name=\"twitter:card\" content=\"summary_large_image\" \/>\n<script type=\"application\/ld+json\" class=\"yoast-schema-graph\">{\"@context\":\"https:\\\/\\\/schema.org\",\"@graph\":[{\"@type\":\"WebPage\",\"@id\":\"https:\\\/\\\/bbmri.at\\\/de\\\/start\\\/partner\\\/\",\"url\":\"https:\\\/\\\/bbmri.at\\\/de\\\/start\\\/partner\\\/\",\"name\":\"Partner - BBMRI.at\",\"isPartOf\":{\"@id\":\"https:\\\/\\\/bbmri.at\\\/#website\"},\"datePublished\":\"2023-11-16T12:05:29+00:00\",\"dateModified\":\"2024-02-20T14:21:09+00:00\",\"breadcrumb\":{\"@id\":\"https:\\\/\\\/bbmri.at\\\/de\\\/start\\\/partner\\\/#breadcrumb\"},\"inLanguage\":\"de-AT\",\"potentialAction\":[{\"@type\":\"ReadAction\",\"target\":[\"https:\\\/\\\/bbmri.at\\\/de\\\/start\\\/partner\\\/\"]}]},{\"@type\":\"BreadcrumbList\",\"@id\":\"https:\\\/\\\/bbmri.at\\\/de\\\/start\\\/partner\\\/#breadcrumb\",\"itemListElement\":[{\"@type\":\"ListItem\",\"position\":1,\"name\":\"Startseite\",\"item\":\"https:\\\/\\\/bbmri.at\\\/de\\\/\"},{\"@type\":\"ListItem\",\"position\":2,\"name\":\"Start\",\"item\":\"https:\\\/\\\/bbmri.at\\\/de\\\/\"},{\"@type\":\"ListItem\",\"position\":3,\"name\":\"Partner\"}]},{\"@type\":\"WebSite\",\"@id\":\"https:\\\/\\\/bbmri.at\\\/#website\",\"url\":\"https:\\\/\\\/bbmri.at\\\/\",\"name\":\"BBMRI.at\",\"description\":\"Biobanking and BioMolecular resources Research Infrastructure Austria\",\"potentialAction\":[{\"@type\":\"SearchAction\",\"target\":{\"@type\":\"EntryPoint\",\"urlTemplate\":\"https:\\\/\\\/bbmri.at\\\/?s={search_term_string}\"},\"query-input\":{\"@type\":\"PropertyValueSpecification\",\"valueRequired\":true,\"valueName\":\"search_term_string\"}}],\"inLanguage\":\"de-AT\"}]}<\/script>\n<!-- \/ Yoast SEO plugin. -->","yoast_head_json":{"title":"Partner - BBMRI.at","robots":{"index":"index","follow":"follow","max-snippet":"max-snippet:-1","max-image-preview":"max-image-preview:large","max-video-preview":"max-video-preview:-1"},"canonical":"https:\/\/bbmri.at\/de\/start\/partner\/","og_locale":"de_DE","og_type":"article","og_title":"Partner - BBMRI.at","og_url":"https:\/\/bbmri.at\/de\/start\/partner\/","og_site_name":"BBMRI.at","article_modified_time":"2024-02-20T14:21:09+00:00","twitter_card":"summary_large_image","schema":{"@context":"https:\/\/schema.org","@graph":[{"@type":"WebPage","@id":"https:\/\/bbmri.at\/de\/start\/partner\/","url":"https:\/\/bbmri.at\/de\/start\/partner\/","name":"Partner - BBMRI.at","isPartOf":{"@id":"https:\/\/bbmri.at\/#website"},"datePublished":"2023-11-16T12:05:29+00:00","dateModified":"2024-02-20T14:21:09+00:00","breadcrumb":{"@id":"https:\/\/bbmri.at\/de\/start\/partner\/#breadcrumb"},"inLanguage":"de-AT","potentialAction":[{"@type":"ReadAction","target":["https:\/\/bbmri.at\/de\/start\/partner\/"]}]},{"@type":"BreadcrumbList","@id":"https:\/\/bbmri.at\/de\/start\/partner\/#breadcrumb","itemListElement":[{"@type":"ListItem","position":1,"name":"Startseite","item":"https:\/\/bbmri.at\/de\/"},{"@type":"ListItem","position":2,"name":"Start","item":"https:\/\/bbmri.at\/de\/"},{"@type":"ListItem","position":3,"name":"Partner"}]},{"@type":"WebSite","@id":"https:\/\/bbmri.at\/#website","url":"https:\/\/bbmri.at\/","name":"BBMRI.at","description":"Biobanking and BioMolecular resources Research Infrastructure Austria","potentialAction":[{"@type":"SearchAction","target":{"@type":"EntryPoint","urlTemplate":"https:\/\/bbmri.at\/?s={search_term_string}"},"query-input":{"@type":"PropertyValueSpecification","valueRequired":true,"valueName":"search_term_string"}}],"inLanguage":"de-AT"}]}},"_links":{"self":[{"href":"https:\/\/bbmri.at\/de\/wp-json\/wp\/v2\/pages\/5660","targetHints":{"allow":["GET"]}}],"collection":[{"href":"https:\/\/bbmri.at\/de\/wp-json\/wp\/v2\/pages"}],"about":[{"href":"https:\/\/bbmri.at\/de\/wp-json\/wp\/v2\/types\/page"}],"author":[{"embeddable":true,"href":"https:\/\/bbmri.at\/de\/wp-json\/wp\/v2\/users\/2"}],"replies":[{"embeddable":true,"href":"https:\/\/bbmri.at\/de\/wp-json\/wp\/v2\/comments?post=5660"}],"version-history":[{"count":18,"href":"https:\/\/bbmri.at\/de\/wp-json\/wp\/v2\/pages\/5660\/revisions"}],"predecessor-version":[{"id":8584,"href":"https:\/\/bbmri.at\/de\/wp-json\/wp\/v2\/pages\/5660\/revisions\/8584"}],"up":[{"embeddable":true,"href":"https:\/\/bbmri.at\/de\/wp-json\/wp\/v2\/pages\/626"}],"wp:attachment":[{"href":"https:\/\/bbmri.at\/de\/wp-json\/wp\/v2\/media?parent=5660"}],"curies":[{"name":"wp","href":"https:\/\/api.w.org\/{rel}","templated":true}]}}