{"id":4769,"date":"2023-10-22T21:23:17","date_gmt":"2023-10-22T19:23:17","guid":{"rendered":"https:\/\/bbmri.at\/?page_id=4769"},"modified":"2024-09-06T10:14:10","modified_gmt":"2024-09-06T08:14:10","slug":"ueber-biobanken","status":"publish","type":"page","link":"https:\/\/bbmri.at\/de\/fuer-buerger\/ueber-biobanken\/","title":{"rendered":"\u00dcber Biobanken"},"content":{"rendered":"    <div id=\"main_textblock_3705729746db0ff10b3d153a9753028c\" class=\"content-row content-row-main_text\">\n        <div class=\"contentPart-main contentPart-main-main_text trans \">\n            <div class=\"contentPart_inner\">\n                \n                                    <h1 class=\"heading_main_txt HL_main\">\n                        Was ist eine Biobank?                    <\/h1>\n                \n                                    <h3 class=\"subheading_main_txt HL_sub\">\n                        Eine Biobank ist eine professionelle Einrichtung, die hochwertige biologische Proben und zugeh\u00f6rige Daten (z. B. Gesundheitsinformationen) zur Verwendung f\u00fcr Forschungszwecke sammelt, verarbeitet, speichert und verwaltet.                    <\/h3>\n                \n                                    <div class=\"text_main_text text1624 main_text_margin\">\n                        <p>Typische in Biobanken gelagerte biologische Proben umfassen Gewebe, K\u00f6rperfl\u00fcssigkeiten (wie Blut, Serum, Urin oder Fl\u00fcssigkeiten aus Punktionen), Zellen und damit verbundene Derivate (RNA, DNA oder Proteine). In der Regel sind diese Proben mit klinischen Daten (wie Blutdruck oder Lungenvolumen) und Informationen zu pers\u00f6nlichem Lebensstil (Sportgewohnheiten oder Rauchverhalten) verbunden.<\/p>\n<p>&nbsp;<\/p>\n<p>Der Zweck von Biobanken besteht darin, Forschern Zugang zu Proben und Daten zu erm\u00f6glichen, um medizinische Forschung und die Entwicklung neuer Diagnoseverfahren, Biomarker und pharmazeutischer Behandlungen zu unterst\u00fctzen. Insbesondere im Zeitalter der personalisierten Medizin sind diese biologischen Ressourcen f\u00fcr medizinische Innovationen von entscheidender Bedeutung.<\/p>\n<p>&nbsp;<\/p>\n<p>Biobanksammlungen k\u00f6nnen spezifischen Patientengruppen (z. B. mit einer bestimmten Krebsdiagnose) oder ganzen Populationen gewidmet sein.<\/p>\n                    <\/div>\n                \n                            <\/div>\n\n\n\n            <div class=\"contentPart-sidebarDummy\"><\/div>\n        <\/div>\n\n    <\/div>\n\n\n    <div id=\"single_headingblock_65ddc10059409894a7efc316774e7454\" class=\"content-row content-row-single_heading\">\r\n        <div class=\"contentPart-main contentPart-main-single_heading trans \">\r\n            <div class=\"contentPart_inner\">\r\n                                    <div class=\"single_heading HL_main \">\r\n                        Biobanken in \u00d6sterreich                     <\/div>\r\n                            <\/div>\r\n\r\n            <div class=\"contentPart-sidebarDummy\"><\/div>\r\n        <\/div>\r\n    <\/div>\r\n\n\n    <div id=\"plain_textfieldblock_9953989a8bc776c30408493fcda5122b\" class=\"content-row content-row-plain_textfield\">\r\n        <div class=\"contentPart contentPart-main contentPart-main-plain_textfield trans  \">\r\n            <div class=\"contentPart_inner\">\r\n                                    <div class=\"plain_textfield text1624 \">\r\n                        <p>In \u00d6sterreich befinden sich die gro\u00dfen Biobanken an medizinischen Universit\u00e4ten. Sie repr\u00e4sentieren krankheitsorientierte Biobanken, da sie Proben und Daten im Kontext der klinischen Versorgung sammeln. Biologisches Material in solchen Biobanken wird von Patienten gesammelt und repr\u00e4sentiert Restmaterial von Proben, die im Rahmen einer Untersuchung oder einer klinischen Nachuntersuchung entnommen wurden. Proben f\u00fcr klinische Studien und diagnostische Zwecke wurden im Laufe der Geschichte der Medizin gesammelt.<\/p>\n                    <\/div>\r\n                            <\/div>\r\n            <div class=\"contentPart-sidebarDummy\"><\/div>\r\n\r\n        <\/div>\r\n    <\/div>\r\n\n\n    <div id=\"links_downloadsblock_04284636ea2eaf091482023d8afe51f3\" class=\"content-row content-row-links_downloads  \">\r\n        <div class=\"contentPart-main contentPart-main-links_downloads trans \">\r\n            <div class=\"contentPart_inner contentPart_inner-links_downloads  flex_col\">\r\n                                    <div class=\"linkBox column\">\r\n                                                                                    <div class=\"links_inner\">\r\n                                    <div class=\"btnBox\">\r\n                                        <a href=\"https:\/\/www.youtube.com\/watch?v=sQwjpP9egkI\" target=\"_blank\" class=\"btnBox_inner_link btnBox_links_inner_left flex\">\r\n                                            <span class=\"main_btn_icon main_btn_icon_links_downloads\"><\/span>\r\n                                            <span class=\"main_btn_icon_hover main_btn_icon_hover_downloads\"><\/span>\r\n                                            <span class=\"main_btn_font btnBox_inner\">Was ist eine Biobank? F\u00fcr Patienten erkl\u00e4rt (in German)<\/span>\r\n                                        <\/a>\r\n                                    <\/div>\r\n                                <\/div>\r\n                                                                                                                <div class=\"links_inner\">\r\n                                    <div class=\"btnBox\">\r\n                                        <a href=\"https:\/\/www.medunigraz.at\/videos\/steirischer-hochschulraum-orf-steiermark\/biobank-med-uni-graz\" target=\"_blank\" class=\"btnBox_inner_link btnBox_links_inner_left flex\">\r\n                                            <span class=\"main_btn_icon main_btn_icon_links_downloads\"><\/span>\r\n                                            <span class=\"main_btn_icon_hover main_btn_icon_hover_downloads\"><\/span>\r\n                                            <span class=\"main_btn_font btnBox_inner\">Biobank Graz &#8211; Arbeit und Relevanz (ORF Steiermark, &#8222;Wissenswert&#8220;) <\/span>\r\n                                        <\/a>\r\n                                    <\/div>\r\n                                <\/div>\r\n                                                                                                                <div class=\"links_inner\">\r\n                                    <div class=\"btnBox\">\r\n                                        <a href=\"https:\/\/www.youtube.com\/watch?v=C5gNVQKklmg\" target=\"_blank\" class=\"btnBox_inner_link btnBox_links_inner_left flex\">\r\n                                            <span class=\"main_btn_icon main_btn_icon_links_downloads\"><\/span>\r\n                                            <span class=\"main_btn_icon_hover main_btn_icon_hover_downloads\"><\/span>\r\n                                            <span class=\"main_btn_font btnBox_inner\">Warum ist Graz die Biobank-Hauptstadt Europas?(EuroNews, auf Deutsch)<\/span>\r\n                                        <\/a>\r\n                                    <\/div>\r\n                                <\/div>\r\n                                                                                                                <div class=\"links_inner\">\r\n                                    <div class=\"btnBox\">\r\n                                        <a href=\"https:\/\/d1u.c1c.myftpupload.com\/home\/partners\/\" target=\"_blank\" class=\"btnBox_inner_link btnBox_links_inner_left flex\">\r\n                                            <span class=\"main_btn_icon main_btn_icon_links_downloads\"><\/span>\r\n                                            <span class=\"main_btn_icon_hover main_btn_icon_hover_downloads\"><\/span>\r\n                                            <span class=\"main_btn_font btnBox_inner\">BBMRI.at Partner Biobanken<\/span>\r\n                                        <\/a>\r\n                                    <\/div>\r\n                                <\/div>\r\n                                                                        <\/div>\r\n                \r\n\r\n\r\n                            <\/div>\r\n\r\n            <div class=\"contentPart-sidebarDummy\"><\/div>\r\n\r\n        <\/div>\r\n    <\/div>\r\n\n\n    <div id=\"imgBoxblock_bd0c8aac81f300c539faed2ced2ae2b4\" class=\"content-row content-row-imgBox\">\r\n        <div class=\"contentPart contentPart-main contentPart-main-imgBox trans  \">\r\n            <div class=\"contentPart_inner\">\r\n                <div class=\"imgBox_inner flex\">\r\n                    \r\n                        \r\n                            <div class=\"imgBox_box\">\r\n                                                                <a  class=\"img_link\" >\r\n                                                                        <img decoding=\"async\" src=\"https:\/\/bbmri.at\/wp-content\/uploads\/2023\/10\/Kryolager2-1-1024x683.jpg\" alt=\"\" class=\"imgBox_img\">\r\n\r\n                                                                    <\/a>\r\n                            <\/div>\r\n\r\n                        \r\n                            <div class=\"imgBox_box\">\r\n                                                                <a  class=\"img_link\" >\r\n                                                                        <img decoding=\"async\" src=\"https:\/\/bbmri.at\/wp-content\/uploads\/2023\/10\/C-BBMRI.at-Institute-of-Pathologie-Med-Uni-Graz-266-1024x683.jpg\" alt=\"\" class=\"imgBox_img\">\r\n\r\n                                                                    <\/a>\r\n                            <\/div>\r\n\r\n                        \r\n                            <div class=\"imgBox_box\">\r\n                                                                <a  class=\"img_link\" >\r\n                                                                        <img decoding=\"async\" src=\"https:\/\/bbmri.at\/wp-content\/uploads\/2023\/10\/DSC6342-1024x684.jpg\" alt=\"\" class=\"imgBox_img\">\r\n\r\n                                                                    <\/a>\r\n                            <\/div>\r\n\r\n                        \r\n                            <div class=\"imgBox_box\">\r\n                                                                <a  class=\"img_link\" >\r\n                                                                        <img decoding=\"async\" src=\"https:\/\/bbmri.at\/wp-content\/uploads\/2023\/10\/Archivarbeit-1024x684.jpg\" alt=\"\" class=\"imgBox_img\">\r\n\r\n                                                                    <\/a>\r\n                            <\/div>\r\n\r\n                        \r\n                                    <\/div>\r\n            <\/div>\r\n            <div class=\"contentPart-sidebarDummy\"><\/div>\r\n        <\/div>\r\n    <\/div>\r\n","protected":false},"excerpt":{"rendered":"","protected":false},"author":1,"featured_media":0,"parent":666,"menu_order":2,"comment_status":"closed","ping_status":"closed","template":"","meta":{"_acf_changed":false,"_coblocks_attr":"","_coblocks_dimensions":"","_coblocks_responsive_height":"","_coblocks_accordion_ie_support":"","footnotes":""},"class_list":["post-4769","page","type-page","status-publish","hentry"],"acf":[],"yoast_head":"<!-- This site is optimized with the Yoast SEO plugin v27.4 - https:\/\/yoast.com\/product\/yoast-seo-wordpress\/ -->\n<title>\u00dcber Biobanken - BBMRI.at<\/title>\n<meta name=\"robots\" content=\"index, follow, max-snippet:-1, max-image-preview:large, max-video-preview:-1\" \/>\n<link rel=\"canonical\" href=\"https:\/\/bbmri.at\/de\/fuer-buerger\/ueber-biobanken\/\" \/>\n<meta property=\"og:locale\" content=\"de_DE\" \/>\n<meta property=\"og:type\" content=\"article\" \/>\n<meta property=\"og:title\" content=\"\u00dcber Biobanken - BBMRI.at\" \/>\n<meta property=\"og:url\" content=\"https:\/\/bbmri.at\/de\/fuer-buerger\/ueber-biobanken\/\" \/>\n<meta property=\"og:site_name\" content=\"BBMRI.at\" \/>\n<meta property=\"article:modified_time\" content=\"2024-09-06T08:14:10+00:00\" \/>\n<meta name=\"twitter:card\" content=\"summary_large_image\" \/>\n<script type=\"application\/ld+json\" class=\"yoast-schema-graph\">{\"@context\":\"https:\\\/\\\/schema.org\",\"@graph\":[{\"@type\":\"WebPage\",\"@id\":\"https:\\\/\\\/bbmri.at\\\/de\\\/fuer-buerger\\\/ueber-biobanken\\\/\",\"url\":\"https:\\\/\\\/bbmri.at\\\/de\\\/fuer-buerger\\\/ueber-biobanken\\\/\",\"name\":\"\u00dcber Biobanken - BBMRI.at\",\"isPartOf\":{\"@id\":\"https:\\\/\\\/bbmri.at\\\/#website\"},\"datePublished\":\"2023-10-22T19:23:17+00:00\",\"dateModified\":\"2024-09-06T08:14:10+00:00\",\"breadcrumb\":{\"@id\":\"https:\\\/\\\/bbmri.at\\\/de\\\/fuer-buerger\\\/ueber-biobanken\\\/#breadcrumb\"},\"inLanguage\":\"de-AT\",\"potentialAction\":[{\"@type\":\"ReadAction\",\"target\":[\"https:\\\/\\\/bbmri.at\\\/de\\\/fuer-buerger\\\/ueber-biobanken\\\/\"]}]},{\"@type\":\"BreadcrumbList\",\"@id\":\"https:\\\/\\\/bbmri.at\\\/de\\\/fuer-buerger\\\/ueber-biobanken\\\/#breadcrumb\",\"itemListElement\":[{\"@type\":\"ListItem\",\"position\":1,\"name\":\"Startseite\",\"item\":\"https:\\\/\\\/bbmri.at\\\/de\\\/\"},{\"@type\":\"ListItem\",\"position\":2,\"name\":\"F\u00fcr B\u00fcrger*innen\",\"item\":\"https:\\\/\\\/bbmri.at\\\/de\\\/fuer-buerger\\\/\"},{\"@type\":\"ListItem\",\"position\":3,\"name\":\"\u00dcber Biobanken\"}]},{\"@type\":\"WebSite\",\"@id\":\"https:\\\/\\\/bbmri.at\\\/#website\",\"url\":\"https:\\\/\\\/bbmri.at\\\/\",\"name\":\"BBMRI.at\",\"description\":\"Biobanking and BioMolecular resources Research Infrastructure Austria\",\"potentialAction\":[{\"@type\":\"SearchAction\",\"target\":{\"@type\":\"EntryPoint\",\"urlTemplate\":\"https:\\\/\\\/bbmri.at\\\/?s={search_term_string}\"},\"query-input\":{\"@type\":\"PropertyValueSpecification\",\"valueRequired\":true,\"valueName\":\"search_term_string\"}}],\"inLanguage\":\"de-AT\"}]}<\/script>\n<!-- \/ Yoast SEO plugin. -->","yoast_head_json":{"title":"\u00dcber Biobanken - BBMRI.at","robots":{"index":"index","follow":"follow","max-snippet":"max-snippet:-1","max-image-preview":"max-image-preview:large","max-video-preview":"max-video-preview:-1"},"canonical":"https:\/\/bbmri.at\/de\/fuer-buerger\/ueber-biobanken\/","og_locale":"de_DE","og_type":"article","og_title":"\u00dcber Biobanken - BBMRI.at","og_url":"https:\/\/bbmri.at\/de\/fuer-buerger\/ueber-biobanken\/","og_site_name":"BBMRI.at","article_modified_time":"2024-09-06T08:14:10+00:00","twitter_card":"summary_large_image","schema":{"@context":"https:\/\/schema.org","@graph":[{"@type":"WebPage","@id":"https:\/\/bbmri.at\/de\/fuer-buerger\/ueber-biobanken\/","url":"https:\/\/bbmri.at\/de\/fuer-buerger\/ueber-biobanken\/","name":"\u00dcber Biobanken - BBMRI.at","isPartOf":{"@id":"https:\/\/bbmri.at\/#website"},"datePublished":"2023-10-22T19:23:17+00:00","dateModified":"2024-09-06T08:14:10+00:00","breadcrumb":{"@id":"https:\/\/bbmri.at\/de\/fuer-buerger\/ueber-biobanken\/#breadcrumb"},"inLanguage":"de-AT","potentialAction":[{"@type":"ReadAction","target":["https:\/\/bbmri.at\/de\/fuer-buerger\/ueber-biobanken\/"]}]},{"@type":"BreadcrumbList","@id":"https:\/\/bbmri.at\/de\/fuer-buerger\/ueber-biobanken\/#breadcrumb","itemListElement":[{"@type":"ListItem","position":1,"name":"Startseite","item":"https:\/\/bbmri.at\/de\/"},{"@type":"ListItem","position":2,"name":"F\u00fcr B\u00fcrger*innen","item":"https:\/\/bbmri.at\/de\/fuer-buerger\/"},{"@type":"ListItem","position":3,"name":"\u00dcber Biobanken"}]},{"@type":"WebSite","@id":"https:\/\/bbmri.at\/#website","url":"https:\/\/bbmri.at\/","name":"BBMRI.at","description":"Biobanking and BioMolecular resources Research Infrastructure Austria","potentialAction":[{"@type":"SearchAction","target":{"@type":"EntryPoint","urlTemplate":"https:\/\/bbmri.at\/?s={search_term_string}"},"query-input":{"@type":"PropertyValueSpecification","valueRequired":true,"valueName":"search_term_string"}}],"inLanguage":"de-AT"}]}},"_links":{"self":[{"href":"https:\/\/bbmri.at\/de\/wp-json\/wp\/v2\/pages\/4769","targetHints":{"allow":["GET"]}}],"collection":[{"href":"https:\/\/bbmri.at\/de\/wp-json\/wp\/v2\/pages"}],"about":[{"href":"https:\/\/bbmri.at\/de\/wp-json\/wp\/v2\/types\/page"}],"author":[{"embeddable":true,"href":"https:\/\/bbmri.at\/de\/wp-json\/wp\/v2\/users\/1"}],"replies":[{"embeddable":true,"href":"https:\/\/bbmri.at\/de\/wp-json\/wp\/v2\/comments?post=4769"}],"version-history":[{"count":9,"href":"https:\/\/bbmri.at\/de\/wp-json\/wp\/v2\/pages\/4769\/revisions"}],"predecessor-version":[{"id":12453,"href":"https:\/\/bbmri.at\/de\/wp-json\/wp\/v2\/pages\/4769\/revisions\/12453"}],"up":[{"embeddable":true,"href":"https:\/\/bbmri.at\/de\/wp-json\/wp\/v2\/pages\/666"}],"wp:attachment":[{"href":"https:\/\/bbmri.at\/de\/wp-json\/wp\/v2\/media?parent=4769"}],"curies":[{"name":"wp","href":"https:\/\/api.w.org\/{rel}","templated":true}]}}