{"id":4766,"date":"2023-10-22T21:21:09","date_gmt":"2023-10-22T19:21:09","guid":{"rendered":"https:\/\/bbmri.at\/?page_id=4766"},"modified":"2023-11-30T13:20:18","modified_gmt":"2023-11-30T12:20:18","slug":"about-bbmri-at","status":"publish","type":"page","link":"https:\/\/bbmri.at\/de\/fuer-buerger\/about-bbmri-at\/","title":{"rendered":"\u00dcber BBMRI.at"},"content":{"rendered":"    <div id=\"main_textblock_0573690465195feca13d1fbb625b5928\" class=\"content-row content-row-main_text\">\n        <div class=\"contentPart-main contentPart-main-main_text trans \">\n            <div class=\"contentPart_inner\">\n                \n                                    <h1 class=\"heading_main_txt HL_main\">\n                        Was ist BBMRI.at?                    <\/h1>\n                \n                                    <h3 class=\"subheading_main_txt HL_sub\">\n                        BBMRI.at ist die &#8222;\u00d6sterreichische Biobanken- und Biomolekular-Ressourcen-Forschungsinfrastruktur&#8220; und der \u00f6sterreichische nationale Knotenpunkt eines gro\u00dfen europ\u00e4ischen Netzwerks f\u00fcr Biobanken, dem BBMRI-ERIC (BBMRI European Research Infrastructures Consortium). Dieses Netzwerk hat zum Ziel, die Zusammenarbeit zwischen den Biobanken der Mitgliedsstaaten des Projekts zu f\u00f6rdern.                    <\/h3>\n                \n                                    <div class=\"text_main_text text1624 main_text_margin\">\n                        <p>Eines der zentralen Interessen von BBMRI.at ist die \u00dcbernahme und Harmonisierung bestehender Biobanken f\u00fcr nationale sowie internationale Forschung mit dem Ziel, vergleichbare Daten sicherzustellen. Dies wird die weitere biomedizinische Forschung unterst\u00fctzen, die dem Gesundheitssystem zugutekommen und auch die Zusammenarbeit mit Industriepartnern erm\u00f6glichen k\u00f6nnte. Dabei werden \u00f6ffentliche Erwartungen sowie rechtliche und ethische Bedingungen ber\u00fccksichtigt.<\/p>\n<p>&nbsp;<\/p>\n<pre>Das nationale Netzwerk von BBMRI setzt sich haupts\u00e4chlich aus \u00f6ffentlichen \u00f6sterreichischen Universit\u00e4ten zusammen:<\/pre>\n<ul>\n<li>Die Medizinische Universit\u00e4t Graz<\/li>\n<li>Die Medizinische Universit\u00e4t Innsbruck<\/li>\n<li>Die Medizinische Universit\u00e4t Wien<\/li>\n<li>Die Veterin\u00e4rmedizinische Universit\u00e4t Wien<\/li>\n<li>Die Paracelsus Medizinische Universit\u00e4t Salzburg<\/li>\n<li>Die Medizinische Fakult\u00e4t der Johannes Kepler Universit\u00e4t Linz<\/li>\n<li>Die Universit\u00e4t Wien<\/li>\n<li>Die Alpen-Adria-Universit\u00e4t Klagenfurt<\/li>\n<\/ul>\n                    <\/div>\n                \n                            <\/div>\n\n\n\n            <div class=\"contentPart-sidebarDummy\"><\/div>\n        <\/div>\n\n    <\/div>\n\n\n    <div id=\"single_bigImgblock_41f1a9493cda0bb4599c6e1dbbe125f6\" class=\"content-row content-row-single_bigImg\">\r\n        <div class=\"contentPart-main contentPart-main-single_bigImg trans \">\r\n            <div class=\"contentPart_inner\">\r\n                <div class=\"single_bigImg_inner\">\r\n                                        <a  class=\"img_link\" >\r\n                                                                    <img decoding=\"async\" src=\"https:\/\/bbmri.at\/wp-content\/uploads\/2023\/08\/Group-Picture-2020.PNG-1110x364.png\" alt=\"\" class=\"single_bigImg\">\r\n                                                    <span class=\"img-capt\">Image: BBMRI.at Team<\/span>\r\n                                                                <\/a>\r\n                <\/div>\r\n            <\/div>\r\n            <div class=\"contentPart-sidebarDummy\"><\/div>\r\n\r\n        <\/div>\r\n    <\/div>\r\n\n\n    <div id=\"plain_textfieldblock_e769a7cd6caf49fccf776a8c11e6f72c\" class=\"content-row content-row-plain_textfield\">\r\n        <div class=\"contentPart contentPart-main contentPart-main-plain_textfield trans  \">\r\n            <div class=\"contentPart_inner\">\r\n                                    <div class=\"plain_textfield text1624 \">\r\n                        <p>BBMRI.at wird vom <a href=\"https:\/\/www.bmbwf.gv.at\/\">BMBWF<\/a>, dem Bundesministerium f\u00fcr Bildung, Wissenschaft und Forschung, finanziert.<\/p>\n                    <\/div>\r\n                            <\/div>\r\n            <div class=\"contentPart-sidebarDummy\"><\/div>\r\n\r\n        <\/div>\r\n    <\/div>\r\n","protected":false},"excerpt":{"rendered":"","protected":false},"author":1,"featured_media":0,"parent":666,"menu_order":1,"comment_status":"closed","ping_status":"closed","template":"","meta":{"_acf_changed":false,"_coblocks_attr":"","_coblocks_dimensions":"","_coblocks_responsive_height":"","_coblocks_accordion_ie_support":"","footnotes":""},"class_list":["post-4766","page","type-page","status-publish","hentry"],"acf":[],"yoast_head":"<!-- This site is optimized with the Yoast SEO plugin v27.6 - https:\/\/yoast.com\/product\/yoast-seo-wordpress\/ -->\n<title>\u00dcber BBMRI.at - BBMRI.at<\/title>\n<meta name=\"robots\" content=\"index, follow, max-snippet:-1, max-image-preview:large, max-video-preview:-1\" \/>\n<link rel=\"canonical\" href=\"https:\/\/bbmri.at\/de\/fuer-buerger\/about-bbmri-at\/\" \/>\n<meta property=\"og:locale\" content=\"de_DE\" \/>\n<meta property=\"og:type\" content=\"article\" \/>\n<meta property=\"og:title\" content=\"\u00dcber BBMRI.at - BBMRI.at\" \/>\n<meta property=\"og:url\" content=\"https:\/\/bbmri.at\/de\/fuer-buerger\/about-bbmri-at\/\" \/>\n<meta property=\"og:site_name\" content=\"BBMRI.at\" \/>\n<meta property=\"article:modified_time\" content=\"2023-11-30T12:20:18+00:00\" \/>\n<meta name=\"twitter:card\" content=\"summary_large_image\" \/>\n<script type=\"application\/ld+json\" class=\"yoast-schema-graph\">{\"@context\":\"https:\\\/\\\/schema.org\",\"@graph\":[{\"@type\":\"WebPage\",\"@id\":\"https:\\\/\\\/bbmri.at\\\/de\\\/fuer-buerger\\\/about-bbmri-at\\\/\",\"url\":\"https:\\\/\\\/bbmri.at\\\/de\\\/fuer-buerger\\\/about-bbmri-at\\\/\",\"name\":\"\u00dcber BBMRI.at - BBMRI.at\",\"isPartOf\":{\"@id\":\"https:\\\/\\\/bbmri.at\\\/#website\"},\"datePublished\":\"2023-10-22T19:21:09+00:00\",\"dateModified\":\"2023-11-30T12:20:18+00:00\",\"breadcrumb\":{\"@id\":\"https:\\\/\\\/bbmri.at\\\/de\\\/fuer-buerger\\\/about-bbmri-at\\\/#breadcrumb\"},\"inLanguage\":\"de-AT\",\"potentialAction\":[{\"@type\":\"ReadAction\",\"target\":[\"https:\\\/\\\/bbmri.at\\\/de\\\/fuer-buerger\\\/about-bbmri-at\\\/\"]}]},{\"@type\":\"BreadcrumbList\",\"@id\":\"https:\\\/\\\/bbmri.at\\\/de\\\/fuer-buerger\\\/about-bbmri-at\\\/#breadcrumb\",\"itemListElement\":[{\"@type\":\"ListItem\",\"position\":1,\"name\":\"Startseite\",\"item\":\"https:\\\/\\\/bbmri.at\\\/de\\\/\"},{\"@type\":\"ListItem\",\"position\":2,\"name\":\"F\u00fcr B\u00fcrger*innen\",\"item\":\"https:\\\/\\\/bbmri.at\\\/de\\\/fuer-buerger\\\/\"},{\"@type\":\"ListItem\",\"position\":3,\"name\":\"\u00dcber BBMRI.at\"}]},{\"@type\":\"WebSite\",\"@id\":\"https:\\\/\\\/bbmri.at\\\/#website\",\"url\":\"https:\\\/\\\/bbmri.at\\\/\",\"name\":\"BBMRI.at\",\"description\":\"Biobanking and BioMolecular resources Research Infrastructure Austria\",\"potentialAction\":[{\"@type\":\"SearchAction\",\"target\":{\"@type\":\"EntryPoint\",\"urlTemplate\":\"https:\\\/\\\/bbmri.at\\\/?s={search_term_string}\"},\"query-input\":{\"@type\":\"PropertyValueSpecification\",\"valueRequired\":true,\"valueName\":\"search_term_string\"}}],\"inLanguage\":\"de-AT\"}]}<\/script>\n<!-- \/ Yoast SEO plugin. -->","yoast_head_json":{"title":"\u00dcber BBMRI.at - BBMRI.at","robots":{"index":"index","follow":"follow","max-snippet":"max-snippet:-1","max-image-preview":"max-image-preview:large","max-video-preview":"max-video-preview:-1"},"canonical":"https:\/\/bbmri.at\/de\/fuer-buerger\/about-bbmri-at\/","og_locale":"de_DE","og_type":"article","og_title":"\u00dcber BBMRI.at - BBMRI.at","og_url":"https:\/\/bbmri.at\/de\/fuer-buerger\/about-bbmri-at\/","og_site_name":"BBMRI.at","article_modified_time":"2023-11-30T12:20:18+00:00","twitter_card":"summary_large_image","schema":{"@context":"https:\/\/schema.org","@graph":[{"@type":"WebPage","@id":"https:\/\/bbmri.at\/de\/fuer-buerger\/about-bbmri-at\/","url":"https:\/\/bbmri.at\/de\/fuer-buerger\/about-bbmri-at\/","name":"\u00dcber BBMRI.at - BBMRI.at","isPartOf":{"@id":"https:\/\/bbmri.at\/#website"},"datePublished":"2023-10-22T19:21:09+00:00","dateModified":"2023-11-30T12:20:18+00:00","breadcrumb":{"@id":"https:\/\/bbmri.at\/de\/fuer-buerger\/about-bbmri-at\/#breadcrumb"},"inLanguage":"de-AT","potentialAction":[{"@type":"ReadAction","target":["https:\/\/bbmri.at\/de\/fuer-buerger\/about-bbmri-at\/"]}]},{"@type":"BreadcrumbList","@id":"https:\/\/bbmri.at\/de\/fuer-buerger\/about-bbmri-at\/#breadcrumb","itemListElement":[{"@type":"ListItem","position":1,"name":"Startseite","item":"https:\/\/bbmri.at\/de\/"},{"@type":"ListItem","position":2,"name":"F\u00fcr B\u00fcrger*innen","item":"https:\/\/bbmri.at\/de\/fuer-buerger\/"},{"@type":"ListItem","position":3,"name":"\u00dcber BBMRI.at"}]},{"@type":"WebSite","@id":"https:\/\/bbmri.at\/#website","url":"https:\/\/bbmri.at\/","name":"BBMRI.at","description":"Biobanking and BioMolecular resources Research Infrastructure Austria","potentialAction":[{"@type":"SearchAction","target":{"@type":"EntryPoint","urlTemplate":"https:\/\/bbmri.at\/?s={search_term_string}"},"query-input":{"@type":"PropertyValueSpecification","valueRequired":true,"valueName":"search_term_string"}}],"inLanguage":"de-AT"}]}},"_links":{"self":[{"href":"https:\/\/bbmri.at\/de\/wp-json\/wp\/v2\/pages\/4766","targetHints":{"allow":["GET"]}}],"collection":[{"href":"https:\/\/bbmri.at\/de\/wp-json\/wp\/v2\/pages"}],"about":[{"href":"https:\/\/bbmri.at\/de\/wp-json\/wp\/v2\/types\/page"}],"author":[{"embeddable":true,"href":"https:\/\/bbmri.at\/de\/wp-json\/wp\/v2\/users\/1"}],"replies":[{"embeddable":true,"href":"https:\/\/bbmri.at\/de\/wp-json\/wp\/v2\/comments?post=4766"}],"version-history":[{"count":6,"href":"https:\/\/bbmri.at\/de\/wp-json\/wp\/v2\/pages\/4766\/revisions"}],"predecessor-version":[{"id":6974,"href":"https:\/\/bbmri.at\/de\/wp-json\/wp\/v2\/pages\/4766\/revisions\/6974"}],"up":[{"embeddable":true,"href":"https:\/\/bbmri.at\/de\/wp-json\/wp\/v2\/pages\/666"}],"wp:attachment":[{"href":"https:\/\/bbmri.at\/de\/wp-json\/wp\/v2\/media?parent=4766"}],"curies":[{"name":"wp","href":"https:\/\/api.w.org\/{rel}","templated":true}]}}