{"id":4763,"date":"2023-10-22T21:19:10","date_gmt":"2023-10-22T19:19:10","guid":{"rendered":"https:\/\/bbmri.at\/?page_id=4763"},"modified":"2025-10-23T10:05:12","modified_gmt":"2025-10-23T08:05:12","slug":"kostenrechner","status":"publish","type":"page","link":"https:\/\/bbmri.at\/de\/fuer-forscherinnen\/kostenrechner\/","title":{"rendered":"Kostenrechner"},"content":{"rendered":"    <div id=\"main_textblock_0b729cb6f1a5eef280186336a7a0ce3d\" class=\"content-row content-row-main_text\">\n        <div class=\"contentPart-main contentPart-main-main_text trans \">\n            <div class=\"contentPart_inner\">\n                \n                                    <h1 class=\"heading_main_txt HL_main\">\n                        Kostenrechner f\u00fcr bev\u00f6lkerungsbasierte Kohorten und Biobanking in klinischen Studien                    <\/h1>\n                \n                                    <h3 class=\"subheading_main_txt HL_sub\">\n                        Sie m\u00f6chten eine Biobanksammlung aufbauen und die damit verbundenen Kosten absch\u00e4tzen?                    <\/h3>\n                \n                                    <div class=\"text_main_text text1624 main_text_margin\">\n                        <p>Ein Kostenrechner kann Sie unterst\u00fctzen. Er erm\u00f6glicht es Biobanken, ihre mit dem Biobanking verbundenen Kosten zu berechnen. Der Kostenrechner wurde f\u00fcr bev\u00f6lkerungsbasierte Kohorten und das Biobanking in klinischen Studien entwickelt. Er f\u00fchrt Sie durch die gesamte Kette von der Umfrage\/ Studienvorbereitung bis zur Lieferung von Proben und Daten.<\/p>\n                    <\/div>\n                \n                                    <div class=\"btnBox btnBox_main_text row\">\n                                                    <a href=\"https:\/\/dzif-www.helmholtz-muenchen.de\/costcalculator\/\" target=\"_blank\" class=\"btnBox_inner_link btnBox_inner_left fl_align_center\">\n                                <span class=\"main_btn_icon\"><\/span>\n                                <span class=\"main_btn_icon_hover\"><\/span>\n                                <span class=\"main_btn_font btnBox_inner\">Verwenden Sie den Kostenrechner  von BBMRI-LPC &#8230; Leider derzeit au\u00dfer Betrieb<\/span>\n                            <\/a>\n                        \n                                                    <a href=\"https:\/\/biobanking.org\/webs\/biobankcosting\" target=\"_blank\" class=\"btnBox_inner_link btnBox_inner_right fl_align_center\">\n                                <span class=\"main_btn_icon\"><\/span>\n                                <span class=\"main_btn_icon_hover\"><\/span>\n                                <span class=\"main_btn_font btnBox_inner\">Verwenden Sie den Kostenrechner der Universit\u00e4t von British Columbia<\/span>\n                            <\/a>\n                                            <\/div>\n                            <\/div>\n\n\n\n            <div class=\"contentPart-sidebarDummy\"><\/div>\n        <\/div>\n\n    <\/div>\n","protected":false},"excerpt":{"rendered":"","protected":false},"author":1,"featured_media":0,"parent":5668,"menu_order":2,"comment_status":"closed","ping_status":"closed","template":"","meta":{"_acf_changed":false,"_coblocks_attr":"","_coblocks_dimensions":"","_coblocks_responsive_height":"","_coblocks_accordion_ie_support":"","footnotes":""},"class_list":["post-4763","page","type-page","status-publish","hentry"],"acf":[],"yoast_head":"<!-- This site is optimized with the Yoast SEO plugin v27.4 - https:\/\/yoast.com\/product\/yoast-seo-wordpress\/ -->\n<title>Kostenrechner - BBMRI.at<\/title>\n<meta name=\"robots\" content=\"index, follow, max-snippet:-1, max-image-preview:large, max-video-preview:-1\" \/>\n<link rel=\"canonical\" href=\"https:\/\/bbmri.at\/de\/fuer-forscherinnen\/kostenrechner\/\" \/>\n<meta property=\"og:locale\" content=\"de_DE\" \/>\n<meta property=\"og:type\" content=\"article\" \/>\n<meta property=\"og:title\" content=\"Kostenrechner - BBMRI.at\" \/>\n<meta property=\"og:url\" content=\"https:\/\/bbmri.at\/de\/fuer-forscherinnen\/kostenrechner\/\" \/>\n<meta property=\"og:site_name\" content=\"BBMRI.at\" \/>\n<meta property=\"article:modified_time\" content=\"2025-10-23T08:05:12+00:00\" \/>\n<meta name=\"twitter:card\" content=\"summary_large_image\" \/>\n<script type=\"application\/ld+json\" class=\"yoast-schema-graph\">{\"@context\":\"https:\\\/\\\/schema.org\",\"@graph\":[{\"@type\":\"WebPage\",\"@id\":\"https:\\\/\\\/bbmri.at\\\/de\\\/fuer-forscherinnen\\\/kostenrechner\\\/\",\"url\":\"https:\\\/\\\/bbmri.at\\\/de\\\/fuer-forscherinnen\\\/kostenrechner\\\/\",\"name\":\"Kostenrechner - BBMRI.at\",\"isPartOf\":{\"@id\":\"https:\\\/\\\/bbmri.at\\\/#website\"},\"datePublished\":\"2023-10-22T19:19:10+00:00\",\"dateModified\":\"2025-10-23T08:05:12+00:00\",\"breadcrumb\":{\"@id\":\"https:\\\/\\\/bbmri.at\\\/de\\\/fuer-forscherinnen\\\/kostenrechner\\\/#breadcrumb\"},\"inLanguage\":\"de-AT\",\"potentialAction\":[{\"@type\":\"ReadAction\",\"target\":[\"https:\\\/\\\/bbmri.at\\\/de\\\/fuer-forscherinnen\\\/kostenrechner\\\/\"]}]},{\"@type\":\"BreadcrumbList\",\"@id\":\"https:\\\/\\\/bbmri.at\\\/de\\\/fuer-forscherinnen\\\/kostenrechner\\\/#breadcrumb\",\"itemListElement\":[{\"@type\":\"ListItem\",\"position\":1,\"name\":\"Startseite\",\"item\":\"https:\\\/\\\/bbmri.at\\\/de\\\/\"},{\"@type\":\"ListItem\",\"position\":2,\"name\":\"F\u00fcr Forscher*innen\",\"item\":\"https:\\\/\\\/bbmri.at\\\/de\\\/fuer-forscherinnen\\\/\"},{\"@type\":\"ListItem\",\"position\":3,\"name\":\"Kostenrechner\"}]},{\"@type\":\"WebSite\",\"@id\":\"https:\\\/\\\/bbmri.at\\\/#website\",\"url\":\"https:\\\/\\\/bbmri.at\\\/\",\"name\":\"BBMRI.at\",\"description\":\"Biobanking and BioMolecular resources Research Infrastructure Austria\",\"potentialAction\":[{\"@type\":\"SearchAction\",\"target\":{\"@type\":\"EntryPoint\",\"urlTemplate\":\"https:\\\/\\\/bbmri.at\\\/?s={search_term_string}\"},\"query-input\":{\"@type\":\"PropertyValueSpecification\",\"valueRequired\":true,\"valueName\":\"search_term_string\"}}],\"inLanguage\":\"de-AT\"}]}<\/script>\n<!-- \/ Yoast SEO plugin. -->","yoast_head_json":{"title":"Kostenrechner - BBMRI.at","robots":{"index":"index","follow":"follow","max-snippet":"max-snippet:-1","max-image-preview":"max-image-preview:large","max-video-preview":"max-video-preview:-1"},"canonical":"https:\/\/bbmri.at\/de\/fuer-forscherinnen\/kostenrechner\/","og_locale":"de_DE","og_type":"article","og_title":"Kostenrechner - BBMRI.at","og_url":"https:\/\/bbmri.at\/de\/fuer-forscherinnen\/kostenrechner\/","og_site_name":"BBMRI.at","article_modified_time":"2025-10-23T08:05:12+00:00","twitter_card":"summary_large_image","schema":{"@context":"https:\/\/schema.org","@graph":[{"@type":"WebPage","@id":"https:\/\/bbmri.at\/de\/fuer-forscherinnen\/kostenrechner\/","url":"https:\/\/bbmri.at\/de\/fuer-forscherinnen\/kostenrechner\/","name":"Kostenrechner - BBMRI.at","isPartOf":{"@id":"https:\/\/bbmri.at\/#website"},"datePublished":"2023-10-22T19:19:10+00:00","dateModified":"2025-10-23T08:05:12+00:00","breadcrumb":{"@id":"https:\/\/bbmri.at\/de\/fuer-forscherinnen\/kostenrechner\/#breadcrumb"},"inLanguage":"de-AT","potentialAction":[{"@type":"ReadAction","target":["https:\/\/bbmri.at\/de\/fuer-forscherinnen\/kostenrechner\/"]}]},{"@type":"BreadcrumbList","@id":"https:\/\/bbmri.at\/de\/fuer-forscherinnen\/kostenrechner\/#breadcrumb","itemListElement":[{"@type":"ListItem","position":1,"name":"Startseite","item":"https:\/\/bbmri.at\/de\/"},{"@type":"ListItem","position":2,"name":"F\u00fcr Forscher*innen","item":"https:\/\/bbmri.at\/de\/fuer-forscherinnen\/"},{"@type":"ListItem","position":3,"name":"Kostenrechner"}]},{"@type":"WebSite","@id":"https:\/\/bbmri.at\/#website","url":"https:\/\/bbmri.at\/","name":"BBMRI.at","description":"Biobanking and BioMolecular resources Research Infrastructure Austria","potentialAction":[{"@type":"SearchAction","target":{"@type":"EntryPoint","urlTemplate":"https:\/\/bbmri.at\/?s={search_term_string}"},"query-input":{"@type":"PropertyValueSpecification","valueRequired":true,"valueName":"search_term_string"}}],"inLanguage":"de-AT"}]}},"_links":{"self":[{"href":"https:\/\/bbmri.at\/de\/wp-json\/wp\/v2\/pages\/4763","targetHints":{"allow":["GET"]}}],"collection":[{"href":"https:\/\/bbmri.at\/de\/wp-json\/wp\/v2\/pages"}],"about":[{"href":"https:\/\/bbmri.at\/de\/wp-json\/wp\/v2\/types\/page"}],"author":[{"embeddable":true,"href":"https:\/\/bbmri.at\/de\/wp-json\/wp\/v2\/users\/1"}],"replies":[{"embeddable":true,"href":"https:\/\/bbmri.at\/de\/wp-json\/wp\/v2\/comments?post=4763"}],"version-history":[{"count":7,"href":"https:\/\/bbmri.at\/de\/wp-json\/wp\/v2\/pages\/4763\/revisions"}],"predecessor-version":[{"id":15557,"href":"https:\/\/bbmri.at\/de\/wp-json\/wp\/v2\/pages\/4763\/revisions\/15557"}],"up":[{"embeddable":true,"href":"https:\/\/bbmri.at\/de\/wp-json\/wp\/v2\/pages\/5668"}],"wp:attachment":[{"href":"https:\/\/bbmri.at\/de\/wp-json\/wp\/v2\/media?parent=4763"}],"curies":[{"name":"wp","href":"https:\/\/api.w.org\/{rel}","templated":true}]}}