{"id":4761,"date":"2023-10-22T21:18:17","date_gmt":"2023-10-22T19:18:17","guid":{"rendered":"https:\/\/bbmri.at\/?page_id=4761"},"modified":"2025-10-23T10:44:21","modified_gmt":"2025-10-23T08:44:21","slug":"biomaterial-mta-ic-2","status":"publish","type":"page","link":"https:\/\/bbmri.at\/de\/fuer-forscherinnen\/biomaterial-mta-ic-2\/","title":{"rendered":"Biomaterial MTA &#038; IC"},"content":{"rendered":"    <div id=\"main_textblock_c5aefe3cdf1d70c7fc296c3442e141a9\" class=\"content-row content-row-main_text\">\n        <div class=\"contentPart-main contentPart-main-main_text trans \">\n            <div class=\"contentPart_inner\">\n                \n                                    <h1 class=\"heading_main_txt HL_main\">\n                        Material Transfer Agreements (MTAs) f\u00fcr humane und tierische Biomaterialien                    <\/h1>\n                \n                                    <h3 class=\"subheading_main_txt HL_sub\">\n                        BBMRI.at hat in Zusammenarbeit mit Experten von Universit\u00e4ten sowie der Pharma- und Life-Science-Industrie Vorlagen f\u00fcr &#8222;Standard Model Material Transfer Agreements (MTAs)&#8220; f\u00fcr den Transfer von humanen und tier\u00e4rztlichen Biomaterialien erstellt. Diese MTAs sowie Vorlagen f\u00fcr Einverst\u00e4ndniserkl\u00e4rungen (ICs) stehen kostenlos zum Download und zur Nutzung zur Verf\u00fcgung.                    <\/h3>\n                \n                \n                            <\/div>\n\n\n\n            <div class=\"contentPart-sidebarDummy\"><\/div>\n        <\/div>\n\n    <\/div>\n\n\n    <div id=\"text_imgblock_a12b73025eebbbd7be376faab20269da\" class=\"content-row content-row-text_img\">\r\n        <div class=\"contentPart-main contentPart-main-text_img trans \">\r\n            <div class=\"contentPart_inner\">\r\n                <div class=\"text_imgBox flex text_img_ratio\">\r\n\r\n                    <div class=\"part_text fl_top_hr\">\r\n                                                                            <div class=\"textpart text1624\">\r\n                                <p>Der Austausch von Wissen und wertvollem Material wie Biospezimen zwischen Universit\u00e4ten und Unternehmen erfordert oft komplexe vertragliche Vereinbarungen. Um den Technologietransferprozess zu erleichtern und zu beschleunigen und Rechtssicherheit zu gew\u00e4hrleisten, haben Rechts- und Technologietransferexperten von BBMRI.at, den \u00f6sterreichischen Medizinuniversit\u00e4ten einschlie\u00dflich der Veterin\u00e4rmedizinischen Universit\u00e4t Wien sowie Experten aus der Pharma- und Biotech-Industrie gemeinsam &#8218;Standard Model Material Transfer Agreements (MTAs)&#8216; f\u00fcr den Transfer von humanen und tier\u00e4rztlichen Biomaterialien erarbeitet.<\/p>\n<p>Dies wurde durch die Zusammenstellung von Standardklauseln f\u00fcr Einverst\u00e4ndniserkl\u00e4rungen (IC) erg\u00e4nzt.<\/p>\n<p>&nbsp;<\/p>\n<p><strong>Diese Modell-MTAs und ICs stehen Forschern und Technologietransfer-Personal kostenlos zur Verf\u00fcgung, um ihnen praktische Unterst\u00fctzung bei der Vorbereitung kooperativer Forschungsprojekte zwischen Unternehmen und \u00f6ffentlichen Forschungsorganisationen zu bieten.<\/strong><\/p>\n                            <\/div>\r\n                                            <\/div>\r\n\r\n                    \r\n                        <div class=\"part_img\">\r\n                                                        <a  class=\"img_link\" >\r\n                                                                <img decoding=\"async\" src=\"https:\/\/bbmri.at\/wp-content\/uploads\/2023\/08\/MTA-550x366.png\" alt=\"\" class=\"img_text_img\">\r\n                                                            <\/a>\r\n                        <\/div>\r\n\r\n                    \r\n                <\/div>\r\n            <\/div>\r\n            <div class=\"contentPart-sidebarDummy\"><\/div>\r\n\r\n        <\/div>\r\n    <\/div>\r\n\n\n    <div id=\"links_downloadsblock_0f75a32e6b7abb9969299f9f3c383739\" class=\"content-row content-row-links_downloads  \">\r\n        <div class=\"contentPart-main contentPart-main-links_downloads trans \">\r\n            <div class=\"contentPart_inner contentPart_inner-links_downloads extra_gap flex_col\">\r\n                \r\n\r\n\r\n                                    <div class=\"downloadsBox\">\r\n\r\n                        <div class=\"download_heading\">\r\n                            Download MTAs und IC f\u00fcr humane Biomaterialien                        <\/div>\r\n\r\n                        \r\n                            <div class=\"download_btnBox\">\r\n                                <a href=\"https:\/\/d1u.c1c.myftpupload.com\/wp-content\/uploads\/2023\/08\/Hu-MTA.doc\" target=\"_blank\" class=\"btnBox_downloads_inner fl_center_vr fl_between\">\r\n                                    <span class=\"text_download\">MTA human &#8211; Englisch<\/span>\r\n                                    <span class=\"download_btn_icon\"><\/span>\r\n                                <\/a>\r\n                            <\/div>\r\n\r\n                        \r\n                            <div class=\"download_btnBox\">\r\n                                <a href=\"https:\/\/d1u.c1c.myftpupload.com\/wp-content\/uploads\/2023\/08\/Biomaterial-MTA-02-2015-Mensch-mit-Erklaerungen_Formular.pdf\" target=\"_blank\" class=\"btnBox_downloads_inner fl_center_vr fl_between\">\r\n                                    <span class=\"text_download\">MTA human &#8211; Deutsch mit Erkl\u00e4rung<\/span>\r\n                                    <span class=\"download_btn_icon\"><\/span>\r\n                                <\/a>\r\n                            <\/div>\r\n\r\n                        \r\n                            <div class=\"download_btnBox\">\r\n                                <a href=\"https:\/\/d1u.c1c.myftpupload.com\/wp-content\/uploads\/2023\/08\/IC-Mensch-German_BBMRI.at_.doc\" target=\"_blank\" class=\"btnBox_downloads_inner fl_center_vr fl_between\">\r\n                                    <span class=\"text_download\">IC human &#8211; Deutsch <\/span>\r\n                                    <span class=\"download_btn_icon\"><\/span>\r\n                                <\/a>\r\n                            <\/div>\r\n\r\n                                            <\/div>\r\n                            <\/div>\r\n\r\n            <div class=\"contentPart-sidebarDummy\"><\/div>\r\n\r\n        <\/div>\r\n    <\/div>\r\n\n\n    <div id=\"links_downloadsblock_7ab19fc03d1c78643f40149d704eb5fb\" class=\"content-row content-row-links_downloads  \">\r\n        <div class=\"contentPart-main contentPart-main-links_downloads trans \">\r\n            <div class=\"contentPart_inner contentPart_inner-links_downloads extra_gap flex_col\">\r\n                \r\n\r\n\r\n                                    <div class=\"downloadsBox\">\r\n\r\n                        <div class=\"download_heading\">\r\n                            Download MTAs und IC f\u00fcr veterin\u00e4re Biomaterialien                        <\/div>\r\n\r\n                        \r\n                            <div class=\"download_btnBox\">\r\n                                <a href=\"https:\/\/d1u.c1c.myftpupload.com\/wp-content\/uploads\/2023\/08\/Animal-MTA.doc\" target=\"_blank\" class=\"btnBox_downloads_inner fl_center_vr fl_between\">\r\n                                    <span class=\"text_download\">MTA Tier &#8211; Englisch<\/span>\r\n                                    <span class=\"download_btn_icon\"><\/span>\r\n                                <\/a>\r\n                            <\/div>\r\n\r\n                        \r\n                            <div class=\"download_btnBox\">\r\n                                <a href=\"https:\/\/d1u.c1c.myftpupload.com\/wp-content\/uploads\/2023\/08\/Biomaterial-MTA-02-2015-Tier-mit-Erklaerungen_Formular.pdf\" target=\"_blank\" class=\"btnBox_downloads_inner fl_center_vr fl_between\">\r\n                                    <span class=\"text_download\">MTA Tier &#8211; Deutsch mit Erkl\u00e4rung<\/span>\r\n                                    <span class=\"download_btn_icon\"><\/span>\r\n                                <\/a>\r\n                            <\/div>\r\n\r\n                        \r\n                            <div class=\"download_btnBox\">\r\n                                <a href=\"https:\/\/d1u.c1c.myftpupload.com\/wp-content\/uploads\/2023\/08\/IC-Tier-German_BBMRI.at_.doc\" target=\"_blank\" class=\"btnBox_downloads_inner fl_center_vr fl_between\">\r\n                                    <span class=\"text_download\">IC Tier &#8211; Deutsch<\/span>\r\n                                    <span class=\"download_btn_icon\"><\/span>\r\n                                <\/a>\r\n                            <\/div>\r\n\r\n                                            <\/div>\r\n                            <\/div>\r\n\r\n            <div class=\"contentPart-sidebarDummy\"><\/div>\r\n\r\n        <\/div>\r\n    <\/div>\r\n\n\n    <div id=\"plain_textfieldblock_20634813dc0fc35c10e9b91889e468e7\" class=\"content-row content-row-plain_textfield\">\r\n        <div class=\"contentPart contentPart-main contentPart-main-plain_textfield trans  \">\r\n            <div class=\"contentPart_inner\">\r\n                                    <div class=\"plain_textfield text1624 \">\r\n                        <p>Diese Aktivit\u00e4t von BBMRI.at wurde von IPAG &#8211; &#8222;Intellectual Property Agreement Guide&#8220; &#8211; organisiert und unterst\u00fctzt, ein Projekt der \u00f6sterreichischen Regierung und der Universit\u00e4ten \u00d6sterreichs (\u00f6sterreichische Universit\u00e4tenkonferenz, UNIKO), unterst\u00fctzt durch den Nationalen Kontaktpunkt f\u00fcr Geistiges Eigentum (ncp.ip).<\/p>\n                    <\/div>\r\n                            <\/div>\r\n            <div class=\"contentPart-sidebarDummy\"><\/div>\r\n\r\n        <\/div>\r\n    <\/div>\r\n","protected":false},"excerpt":{"rendered":"","protected":false},"author":1,"featured_media":0,"parent":5668,"menu_order":1,"comment_status":"closed","ping_status":"closed","template":"","meta":{"_acf_changed":false,"_coblocks_attr":"","_coblocks_dimensions":"","_coblocks_responsive_height":"","_coblocks_accordion_ie_support":"","footnotes":""},"class_list":["post-4761","page","type-page","status-publish","hentry"],"acf":[],"yoast_head":"<!-- This site is optimized with the Yoast SEO plugin v27.4 - https:\/\/yoast.com\/product\/yoast-seo-wordpress\/ -->\n<title>Biomaterial MTA &amp; IC - BBMRI.at<\/title>\n<meta name=\"robots\" content=\"index, follow, max-snippet:-1, max-image-preview:large, max-video-preview:-1\" \/>\n<link rel=\"canonical\" href=\"https:\/\/bbmri.at\/de\/fuer-forscherinnen\/biomaterial-mta-ic-2\/\" \/>\n<meta property=\"og:locale\" content=\"de_DE\" \/>\n<meta property=\"og:type\" content=\"article\" \/>\n<meta property=\"og:title\" content=\"Biomaterial MTA &amp; IC - BBMRI.at\" \/>\n<meta property=\"og:url\" content=\"https:\/\/bbmri.at\/de\/fuer-forscherinnen\/biomaterial-mta-ic-2\/\" \/>\n<meta property=\"og:site_name\" content=\"BBMRI.at\" \/>\n<meta property=\"article:modified_time\" content=\"2025-10-23T08:44:21+00:00\" \/>\n<meta name=\"twitter:card\" content=\"summary_large_image\" \/>\n<script type=\"application\/ld+json\" class=\"yoast-schema-graph\">{\"@context\":\"https:\\\/\\\/schema.org\",\"@graph\":[{\"@type\":\"WebPage\",\"@id\":\"https:\\\/\\\/bbmri.at\\\/de\\\/fuer-forscherinnen\\\/biomaterial-mta-ic-2\\\/\",\"url\":\"https:\\\/\\\/bbmri.at\\\/de\\\/fuer-forscherinnen\\\/biomaterial-mta-ic-2\\\/\",\"name\":\"Biomaterial MTA & IC - BBMRI.at\",\"isPartOf\":{\"@id\":\"https:\\\/\\\/bbmri.at\\\/#website\"},\"datePublished\":\"2023-10-22T19:18:17+00:00\",\"dateModified\":\"2025-10-23T08:44:21+00:00\",\"breadcrumb\":{\"@id\":\"https:\\\/\\\/bbmri.at\\\/de\\\/fuer-forscherinnen\\\/biomaterial-mta-ic-2\\\/#breadcrumb\"},\"inLanguage\":\"de-AT\",\"potentialAction\":[{\"@type\":\"ReadAction\",\"target\":[\"https:\\\/\\\/bbmri.at\\\/de\\\/fuer-forscherinnen\\\/biomaterial-mta-ic-2\\\/\"]}]},{\"@type\":\"BreadcrumbList\",\"@id\":\"https:\\\/\\\/bbmri.at\\\/de\\\/fuer-forscherinnen\\\/biomaterial-mta-ic-2\\\/#breadcrumb\",\"itemListElement\":[{\"@type\":\"ListItem\",\"position\":1,\"name\":\"Startseite\",\"item\":\"https:\\\/\\\/bbmri.at\\\/de\\\/\"},{\"@type\":\"ListItem\",\"position\":2,\"name\":\"F\u00fcr Forscher*innen\",\"item\":\"https:\\\/\\\/bbmri.at\\\/de\\\/fuer-forscherinnen\\\/\"},{\"@type\":\"ListItem\",\"position\":3,\"name\":\"Biomaterial MTA &#038; IC\"}]},{\"@type\":\"WebSite\",\"@id\":\"https:\\\/\\\/bbmri.at\\\/#website\",\"url\":\"https:\\\/\\\/bbmri.at\\\/\",\"name\":\"BBMRI.at\",\"description\":\"Biobanking and BioMolecular resources Research Infrastructure Austria\",\"potentialAction\":[{\"@type\":\"SearchAction\",\"target\":{\"@type\":\"EntryPoint\",\"urlTemplate\":\"https:\\\/\\\/bbmri.at\\\/?s={search_term_string}\"},\"query-input\":{\"@type\":\"PropertyValueSpecification\",\"valueRequired\":true,\"valueName\":\"search_term_string\"}}],\"inLanguage\":\"de-AT\"}]}<\/script>\n<!-- \/ Yoast SEO plugin. -->","yoast_head_json":{"title":"Biomaterial MTA & IC - BBMRI.at","robots":{"index":"index","follow":"follow","max-snippet":"max-snippet:-1","max-image-preview":"max-image-preview:large","max-video-preview":"max-video-preview:-1"},"canonical":"https:\/\/bbmri.at\/de\/fuer-forscherinnen\/biomaterial-mta-ic-2\/","og_locale":"de_DE","og_type":"article","og_title":"Biomaterial MTA & IC - BBMRI.at","og_url":"https:\/\/bbmri.at\/de\/fuer-forscherinnen\/biomaterial-mta-ic-2\/","og_site_name":"BBMRI.at","article_modified_time":"2025-10-23T08:44:21+00:00","twitter_card":"summary_large_image","schema":{"@context":"https:\/\/schema.org","@graph":[{"@type":"WebPage","@id":"https:\/\/bbmri.at\/de\/fuer-forscherinnen\/biomaterial-mta-ic-2\/","url":"https:\/\/bbmri.at\/de\/fuer-forscherinnen\/biomaterial-mta-ic-2\/","name":"Biomaterial MTA & IC - BBMRI.at","isPartOf":{"@id":"https:\/\/bbmri.at\/#website"},"datePublished":"2023-10-22T19:18:17+00:00","dateModified":"2025-10-23T08:44:21+00:00","breadcrumb":{"@id":"https:\/\/bbmri.at\/de\/fuer-forscherinnen\/biomaterial-mta-ic-2\/#breadcrumb"},"inLanguage":"de-AT","potentialAction":[{"@type":"ReadAction","target":["https:\/\/bbmri.at\/de\/fuer-forscherinnen\/biomaterial-mta-ic-2\/"]}]},{"@type":"BreadcrumbList","@id":"https:\/\/bbmri.at\/de\/fuer-forscherinnen\/biomaterial-mta-ic-2\/#breadcrumb","itemListElement":[{"@type":"ListItem","position":1,"name":"Startseite","item":"https:\/\/bbmri.at\/de\/"},{"@type":"ListItem","position":2,"name":"F\u00fcr Forscher*innen","item":"https:\/\/bbmri.at\/de\/fuer-forscherinnen\/"},{"@type":"ListItem","position":3,"name":"Biomaterial MTA &#038; IC"}]},{"@type":"WebSite","@id":"https:\/\/bbmri.at\/#website","url":"https:\/\/bbmri.at\/","name":"BBMRI.at","description":"Biobanking and BioMolecular resources Research Infrastructure Austria","potentialAction":[{"@type":"SearchAction","target":{"@type":"EntryPoint","urlTemplate":"https:\/\/bbmri.at\/?s={search_term_string}"},"query-input":{"@type":"PropertyValueSpecification","valueRequired":true,"valueName":"search_term_string"}}],"inLanguage":"de-AT"}]}},"_links":{"self":[{"href":"https:\/\/bbmri.at\/de\/wp-json\/wp\/v2\/pages\/4761","targetHints":{"allow":["GET"]}}],"collection":[{"href":"https:\/\/bbmri.at\/de\/wp-json\/wp\/v2\/pages"}],"about":[{"href":"https:\/\/bbmri.at\/de\/wp-json\/wp\/v2\/types\/page"}],"author":[{"embeddable":true,"href":"https:\/\/bbmri.at\/de\/wp-json\/wp\/v2\/users\/1"}],"replies":[{"embeddable":true,"href":"https:\/\/bbmri.at\/de\/wp-json\/wp\/v2\/comments?post=4761"}],"version-history":[{"count":8,"href":"https:\/\/bbmri.at\/de\/wp-json\/wp\/v2\/pages\/4761\/revisions"}],"predecessor-version":[{"id":15567,"href":"https:\/\/bbmri.at\/de\/wp-json\/wp\/v2\/pages\/4761\/revisions\/15567"}],"up":[{"embeddable":true,"href":"https:\/\/bbmri.at\/de\/wp-json\/wp\/v2\/pages\/5668"}],"wp:attachment":[{"href":"https:\/\/bbmri.at\/de\/wp-json\/wp\/v2\/media?parent=4761"}],"curies":[{"name":"wp","href":"https:\/\/api.w.org\/{rel}","templated":true}]}}